{"id":66,"date":"2024-03-13T09:07:47","date_gmt":"2024-03-13T08:07:47","guid":{"rendered":"https:\/\/crpc-asbl.be\/copie-crpc-activites\/\/newsletter\/"},"modified":"2025-06-17T21:36:23","modified_gmt":"2025-06-17T19:36:23","slug":"newsletter","status":"publish","type":"page","link":"https:\/\/crpc-asbl.be\/copie-crpc-activites\/newsletter\/","title":{"rendered":"Newsletter"},"content":{"rendered":"\t\t<div data-elementor-type=\"wp-page\" data-elementor-id=\"66\" class=\"elementor elementor-66\">\n\t\t\t\t<div class=\"elementor-element elementor-element-f50610a e-flex e-con-boxed e-con e-parent\" data-id=\"f50610a\" data-element_type=\"container\" data-e-type=\"container\">\n\t\t\t\t\t<div class=\"e-con-inner\">\n\t\t\t\t<div class=\"elementor-element elementor-element-477ed95 elementor-widget elementor-widget-image\" data-id=\"477ed95\" data-element_type=\"widget\" data-e-type=\"widget\" data-widget_type=\"image.default\">\n\t\t\t\t<div class=\"elementor-widget-container\">\n\t\t\t\t\t\t\t\t\t\t\t\t\t\t\t<img decoding=\"async\" width=\"300\" height=\"113\" src=\"https:\/\/crpc-asbl.be\/copie-crpc-activites\/wp-content\/uploads\/2024\/03\/kisspng-henry-e-lackey-high-school-education-elementary-s-5ae47c2d3c4ac9.188153901524923437247-300x113.png\" class=\"attachment-medium size-medium wp-image-15185\" alt=\"\" srcset=\"https:\/\/crpc-asbl.be\/copie-crpc-activites\/wp-content\/uploads\/2024\/03\/kisspng-henry-e-lackey-high-school-education-elementary-s-5ae47c2d3c4ac9.188153901524923437247-300x113.png 300w, https:\/\/crpc-asbl.be\/copie-crpc-activites\/wp-content\/uploads\/2024\/03\/kisspng-henry-e-lackey-high-school-education-elementary-s-5ae47c2d3c4ac9.188153901524923437247-768x288.png 768w, https:\/\/crpc-asbl.be\/copie-crpc-activites\/wp-content\/uploads\/2024\/03\/kisspng-henry-e-lackey-high-school-education-elementary-s-5ae47c2d3c4ac9.188153901524923437247.png 949w\" sizes=\"(max-width: 300px) 100vw, 300px\" \/>\t\t\t\t\t\t\t\t\t\t\t\t\t\t\t<\/div>\n\t\t\t\t<\/div>\n\t\t\t\t<div class=\"elementor-element elementor-element-5f22139 elementor-widget elementor-widget-heading\" data-id=\"5f22139\" data-element_type=\"widget\" data-e-type=\"widget\" data-widget_type=\"heading.default\">\n\t\t\t\t<div class=\"elementor-widget-container\">\n\t\t\t\t\t<h3 class=\"elementor-heading-title elementor-size-default\">Formulaire d'abonnement \u00e0 la lettre d'information<\/h3>\t\t\t\t<\/div>\n\t\t\t\t<\/div>\n\t\t\t\t\t<\/div>\n\t\t\t\t<\/div>\n\t\t<div class=\"elementor-element elementor-element-f7a1e11 e-flex e-con-boxed e-con e-parent\" data-id=\"f7a1e11\" data-element_type=\"container\" data-e-type=\"container\">\n\t\t\t\t\t<div class=\"e-con-inner\">\n\t\t\t\t<div class=\"elementor-element elementor-element-51ef0c0 elementor-widget elementor-widget-text-editor\" data-id=\"51ef0c0\" data-element_type=\"widget\" data-e-type=\"widget\" data-widget_type=\"text-editor.default\">\n\t\t\t\t<div class=\"elementor-widget-container\">\n\t\t\t\t\t\t\t\t\t<p><style id=\"wpforms-css-vars-19889\">\n\t\t\t\t#wpforms-19889 {\n\t\t\t\t\n\t\t\t}\n\t\t\t<\/style><div class=\"wpforms-container wpforms-container-full wpforms-render-modern\" id=\"wpforms-19889\"><form id=\"wpforms-form-19889\" class=\"wpforms-validate wpforms-form\" data-formid=\"19889\" method=\"post\" enctype=\"multipart\/form-data\" action=\"\/copie-crpc-activites\/wp-json\/wp\/v2\/pages\/66\" data-token=\"c3459a431c0e56a69e46bb561c1ace6a\" data-token-time=\"1777565228\"><noscript class=\"wpforms-error-noscript\">Veuillez activer JavaScript dans votre navigateur pour remplir ce formulaire.<\/noscript><div id=\"wpforms-error-noscript\" style=\"display: none;\">Veuillez activer JavaScript dans votre navigateur pour remplir ce formulaire.<\/div><div class=\"wpforms-field-container\"><div id=\"wpforms-19889-field_6-container\" class=\"wpforms-field wpforms-field-hidden\" data-field-id=\"6\"><input type=\"hidden\" id=\"wpforms-19889-field_6\" name=\"wpforms[fields][6]\" value=\"30\/04\/2026\"><\/div><div id=\"wpforms-19889-field_7-container\" class=\"wpforms-field wpforms-field-hidden\" data-field-id=\"7\"><input type=\"hidden\" id=\"wpforms-19889-field_7\" name=\"wpforms[fields][7]\" value=\"216.73.217.16\"><\/div><div id=\"wpforms-19889-field_10-container\" class=\"wpforms-field wpforms-field-content\" data-field-id=\"10\"><div id=\"wpforms-19889-field_10\" class=\"wpforms-field-medium wpforms-field-row\" aria-errormessage=\"wpforms-19889-field_10-error\"><p><strong>Votre demande doit \u00eatre soumise \u00e0 approbation.<\/strong> <strong>Elle sera examin\u00e9e le plus rapidement possible.<\/strong><\/p>\n<div class=\"wpforms-field-content-display-frontend-clear\"><\/div><\/div><\/div><div id=\"wpforms-19889-field_1-container\" class=\"wpforms-field wpforms-field-name\" data-field-id=\"1\"><fieldset><legend class=\"wpforms-field-label\">Votre pr\u00e9nom et votre nom <span class=\"wpforms-required-label\" aria-hidden=\"true\">*<\/span><\/legend><div class=\"wpforms-field-row wpforms-field-medium\"><div class=\"wpforms-field-row-block wpforms-first wpforms-one-half\"><input type=\"text\" id=\"wpforms-19889-field_1\" class=\"wpforms-field-name-first wpforms-field-required\" name=\"wpforms[fields][1][first]\" aria-errormessage=\"wpforms-19889-field_1-error\" required><label for=\"wpforms-19889-field_1\" class=\"wpforms-field-sublabel after\">Pr\u00e9nom<\/label><\/div><div class=\"wpforms-field-row-block wpforms-one-half\"><input type=\"text\" id=\"wpforms-19889-field_1-last\" class=\"wpforms-field-name-last wpforms-field-required\" name=\"wpforms[fields][1][last]\" aria-errormessage=\"wpforms-19889-field_1-last-error\" required><label for=\"wpforms-19889-field_1-last\" class=\"wpforms-field-sublabel after\">Nom<\/label><\/div><\/div><\/fieldset><\/div><div id=\"wpforms-19889-field_9-container\" class=\"wpforms-field wpforms-field-text\" data-field-id=\"9\"><label class=\"wpforms-field-label\" for=\"wpforms-19889-field_9\">Dans quelle ville ou r\u00e9gion habitez-vous ? <span class=\"wpforms-required-label\" aria-hidden=\"true\">*<\/span><\/label><input type=\"text\" id=\"wpforms-19889-field_9\" class=\"wpforms-field-medium wpforms-field-required\" name=\"wpforms[fields][9]\" aria-errormessage=\"wpforms-19889-field_9-error\" required><\/div><div id=\"wpforms-19889-field_2-container\" class=\"wpforms-field wpforms-field-email\" data-field-id=\"2\"><label class=\"wpforms-field-label\" for=\"wpforms-19889-field_2\">Votre adresse e-mail <span class=\"wpforms-required-label\" aria-hidden=\"true\">*<\/span><\/label><input type=\"email\" id=\"wpforms-19889-field_2\" class=\"wpforms-field-medium wpforms-field-required\" data-rule-restricted-email=\"1\" name=\"wpforms[fields][2]\" spellcheck=\"false\" aria-errormessage=\"wpforms-19889-field_2-error\" required><\/div><div id=\"wpforms-19889-field_4-container\" class=\"wpforms-field wpforms-field-textarea\" data-field-id=\"4\"><label class=\"wpforms-field-label\" for=\"wpforms-19889-field_4\">Votre(vos) motivation(s) <span class=\"wpforms-required-label\" aria-hidden=\"true\">*<\/span><\/label><textarea id=\"wpforms-19889-field_4\" class=\"wpforms-field-medium wpforms-field-required\" name=\"wpforms[fields][4]\" aria-errormessage=\"wpforms-19889-field_4-error\" required><\/textarea><\/div><div id=\"wpforms-19889-field_5-container\" class=\"wpforms-field wpforms-field-gdpr-checkbox\" data-field-id=\"5\"><label class=\"wpforms-field-label\">Accord RGPD <span class=\"wpforms-required-label\" aria-hidden=\"true\">*<\/span><\/label><ul id=\"wpforms-19889-field_5\" class=\"wpforms-field-required\"><li class=\"choice-1\"><input type=\"checkbox\" id=\"wpforms-19889-field_5_1\" name=\"wpforms[fields][5][]\" value=\"Je consens \u00e0 ce que ce site stocke mes informations envoy\u00e9es afin qu\u2019ils puissent r\u00e9pondre \u00e0 ma requ\u00eate.\" aria-errormessage=\"wpforms-19889-field_5_1-error\" required ><label class=\"wpforms-field-label-inline\" for=\"wpforms-19889-field_5_1\">Je consens \u00e0 ce que ce site stocke mes informations envoy\u00e9es afin qu\u2019ils puissent r\u00e9pondre \u00e0 ma requ\u00eate.<\/label><\/li><\/ul><\/div><\/div><!-- .wpforms-field-container --><div class=\"wpforms-field wpforms-field-hp\"><label for=\"wpforms-19889-field-hp\" class=\"wpforms-field-label\">Email<\/label><input type=\"text\" name=\"wpforms[hp]\" id=\"wpforms-19889-field-hp\" class=\"wpforms-field-medium\"><\/div><div class=\"wpforms-submit-container\" ><input type=\"hidden\" name=\"wpforms[id]\" value=\"19889\"><input type=\"hidden\" name=\"page_title\" value=\"\"><input type=\"hidden\" name=\"page_url\" value=\"https:\/\/crpc-asbl.be\/copie-crpc-activites\/wp-json\/wp\/v2\/pages\/66\"><input type=\"hidden\" name=\"url_referer\" value=\"\"><button type=\"submit\" name=\"wpforms[submit]\" id=\"wpforms-submit-19889\" class=\"wpforms-submit\" data-alt-text=\"Sending\" data-submit-text=\"Envoi du message\" aria-live=\"assertive\" value=\"wpforms-submit\">Envoi du message<\/button><\/div><\/form><\/div>  <!-- .wpforms-container --><\/p>\t\t\t\t\t\t\t\t<\/div>\n\t\t\t\t<\/div>\n\t\t\t\t\t<\/div>\n\t\t\t\t<\/div>\n\t\t\t\t<\/div>\n\t\t","protected":false},"excerpt":{"rendered":"<p>Formulaire d&rsquo;abonnement \u00e0 la lettre d&rsquo;information<\/p>\n","protected":false},"author":1,"featured_media":0,"parent":0,"menu_order":0,"comment_status":"closed","ping_status":"open","template":"","meta":{"_et_pb_use_builder":"","_et_pb_old_content":"","_et_gb_content_width":"","_eb_attr":"","footnotes":""},"class_list":["post-66","page","type-page","status-publish","hentry"],"_links":{"self":[{"href":"https:\/\/crpc-asbl.be\/copie-crpc-activites\/wp-json\/wp\/v2\/pages\/66","targetHints":{"allow":["GET"]}}],"collection":[{"href":"https:\/\/crpc-asbl.be\/copie-crpc-activites\/wp-json\/wp\/v2\/pages"}],"about":[{"href":"https:\/\/crpc-asbl.be\/copie-crpc-activites\/wp-json\/wp\/v2\/types\/page"}],"author":[{"embeddable":true,"href":"https:\/\/crpc-asbl.be\/copie-crpc-activites\/wp-json\/wp\/v2\/users\/1"}],"replies":[{"embeddable":true,"href":"https:\/\/crpc-asbl.be\/copie-crpc-activites\/wp-json\/wp\/v2\/comments?post=66"}],"version-history":[{"count":1,"href":"https:\/\/crpc-asbl.be\/copie-crpc-activites\/wp-json\/wp\/v2\/pages\/66\/revisions"}],"predecessor-version":[{"id":21637,"href":"https:\/\/crpc-asbl.be\/copie-crpc-activites\/wp-json\/wp\/v2\/pages\/66\/revisions\/21637"}],"wp:attachment":[{"href":"https:\/\/crpc-asbl.be\/copie-crpc-activites\/wp-json\/wp\/v2\/media?parent=66"}],"curies":[{"name":"wp","href":"https:\/\/api.w.org\/{rel}","templated":true}]}}