{"id":158,"date":"2024-03-14T14:34:23","date_gmt":"2024-03-14T13:34:23","guid":{"rendered":"https:\/\/crpc-asbl.be\/copie-crpc-activites\/\/?page_id=158"},"modified":"2024-11-25T06:08:47","modified_gmt":"2024-11-25T05:08:47","slug":"comment-soutenir-le-crpc","status":"publish","type":"page","link":"https:\/\/crpc-asbl.be\/copie-crpc-activites\/vers-le-bicentenaire\/comment-soutenir-le-crpc\/","title":{"rendered":"Comment soutenir le CRPC ?"},"content":{"rendered":"\t\t<div data-elementor-type=\"wp-page\" data-elementor-id=\"158\" class=\"elementor elementor-158\">\n\t\t\t\t<div class=\"elementor-element elementor-element-42bea6c8 e-flex e-con-boxed e-con e-parent\" data-id=\"42bea6c8\" data-element_type=\"container\" data-e-type=\"container\">\n\t\t\t\t\t<div class=\"e-con-inner\">\n\t\t\t\t<div class=\"elementor-element elementor-element-7e74efbe elementor-widget elementor-widget-text-editor\" data-id=\"7e74efbe\" data-element_type=\"widget\" data-e-type=\"widget\" data-widget_type=\"text-editor.default\">\n\t\t\t\t<div class=\"elementor-widget-container\">\n\t\t\t\t\t\t\t\t\t\t\t\t\t\t\t\t\t<\/div>\n\t\t\t\t<\/div>\n\t\t\t\t\t<\/div>\n\t\t\t\t<\/div>\n\t\t\t\t<section class=\"elementor-section elementor-top-section elementor-element elementor-element-2f160fed elementor-section-boxed elementor-section-height-default elementor-section-height-default\" data-id=\"2f160fed\" data-element_type=\"section\" data-e-type=\"section\" data-settings=\"{&quot;background_background&quot;:&quot;classic&quot;}\">\n\t\t\t\t\t\t<div class=\"elementor-container elementor-column-gap-default\">\n\t\t\t\t\t<div class=\"elementor-column elementor-col-100 elementor-top-column elementor-element elementor-element-600f61f3\" data-id=\"600f61f3\" data-element_type=\"column\" data-e-type=\"column\">\n\t\t\t<div class=\"elementor-widget-wrap elementor-element-populated\">\n\t\t\t\t\t\t<div class=\"elementor-element elementor-element-17261f80 elementor-widget elementor-widget-image\" data-id=\"17261f80\" data-element_type=\"widget\" data-e-type=\"widget\" data-widget_type=\"image.default\">\n\t\t\t\t<div class=\"elementor-widget-container\">\n\t\t\t\t\t\t\t\t\t\t\t\t<figure class=\"wp-caption\">\n\t\t\t\t\t\t\t\t\t\t<img decoding=\"async\" width=\"150\" height=\"150\" src=\"https:\/\/crpc-asbl.be\/copie-crpc-activites\/wp-content\/uploads\/2024\/03\/LOGO_kisspng-james-montgomery-flagg-uncle-sam-poster-zazzle-t-s-we-need-you-5b0c4112128eb1.622049731527529746076-150x150.png\" class=\"attachment-thumbnail size-thumbnail wp-image-160\" alt=\"\" srcset=\"https:\/\/crpc-asbl.be\/copie-crpc-activites\/wp-content\/uploads\/2024\/03\/LOGO_kisspng-james-montgomery-flagg-uncle-sam-poster-zazzle-t-s-we-need-you-5b0c4112128eb1.622049731527529746076-150x150.png 150w, https:\/\/crpc-asbl.be\/copie-crpc-activites\/wp-content\/uploads\/2024\/03\/LOGO_kisspng-james-montgomery-flagg-uncle-sam-poster-zazzle-t-s-we-need-you-5b0c4112128eb1.622049731527529746076-440x440.png 440w\" sizes=\"(max-width: 150px) 100vw, 150px\" \/>\t\t\t\t\t\t\t\t\t\t\t<figcaption class=\"widget-image-caption wp-caption-text\">VOUS POUVEZ NOUS AIDER !<\/figcaption>\n\t\t\t\t\t\t\t\t\t\t<\/figure>\n\t\t\t\t\t\t\t\t\t<\/div>\n\t\t\t\t<\/div>\n\t\t\t\t<div class=\"elementor-element elementor-element-96361c8 elementor-widget elementor-widget-heading\" data-id=\"96361c8\" data-element_type=\"widget\" data-e-type=\"widget\" data-widget_type=\"heading.default\">\n\t\t\t\t<div class=\"elementor-widget-container\">\n\t\t\t\t\t<h3 class=\"elementor-heading-title elementor-size-default\">Plusieurs possibilit\u00e9s sont \u00e0 votre disposition :\n<\/h3>\t\t\t\t<\/div>\n\t\t\t\t<\/div>\n\t\t\t\t\t<\/div>\n\t\t<\/div>\n\t\t\t\t\t<\/div>\n\t\t<\/section>\n\t\t\t\t<section class=\"elementor-section elementor-top-section elementor-element elementor-element-7308a652 elementor-section-boxed elementor-section-height-default elementor-section-height-default\" data-id=\"7308a652\" data-element_type=\"section\" data-e-type=\"section\" data-settings=\"{&quot;background_background&quot;:&quot;classic&quot;}\">\n\t\t\t\t\t\t<div class=\"elementor-container elementor-column-gap-default\">\n\t\t\t\t\t<div class=\"elementor-column elementor-col-33 elementor-top-column elementor-element elementor-element-3a421dc5\" data-id=\"3a421dc5\" data-element_type=\"column\" data-e-type=\"column\">\n\t\t\t<div class=\"elementor-widget-wrap elementor-element-populated\">\n\t\t\t\t\t\t<div class=\"elementor-element elementor-element-60869f4b elementor-widget elementor-widget-heading\" data-id=\"60869f4b\" data-element_type=\"widget\" data-e-type=\"widget\" data-widget_type=\"heading.default\">\n\t\t\t\t<div class=\"elementor-widget-container\">\n\t\t\t\t\t<h4 class=\"elementor-heading-title elementor-size-default\">Devenir membre actif<\/h4>\t\t\t\t<\/div>\n\t\t\t\t<\/div>\n\t\t\t\t<div class=\"elementor-element elementor-element-2c69b496 elementor-widget elementor-widget-image\" data-id=\"2c69b496\" data-element_type=\"widget\" data-e-type=\"widget\" data-widget_type=\"image.default\">\n\t\t\t\t<div class=\"elementor-widget-container\">\n\t\t\t\t\t\t\t\t\t\t\t\t\t\t\t<img decoding=\"async\" width=\"150\" height=\"150\" src=\"https:\/\/crpc-asbl.be\/copie-crpc-activites\/wp-content\/uploads\/2024\/03\/5a28d563aa6e96.1476758515126255076981-150x150.png\" class=\"attachment-thumbnail size-thumbnail wp-image-161\" alt=\"\" srcset=\"https:\/\/crpc-asbl.be\/copie-crpc-activites\/wp-content\/uploads\/2024\/03\/5a28d563aa6e96.1476758515126255076981-150x150.png 150w, https:\/\/crpc-asbl.be\/copie-crpc-activites\/wp-content\/uploads\/2024\/03\/5a28d563aa6e96.1476758515126255076981-440x440.png 440w\" sizes=\"(max-width: 150px) 100vw, 150px\" \/>\t\t\t\t\t\t\t\t\t\t\t\t\t\t\t<\/div>\n\t\t\t\t<\/div>\n\t\t\t\t\t<\/div>\n\t\t<\/div>\n\t\t\t\t<div class=\"elementor-column elementor-col-66 elementor-top-column elementor-element elementor-element-46312999\" data-id=\"46312999\" data-element_type=\"column\" data-e-type=\"column\">\n\t\t\t<div class=\"elementor-widget-wrap elementor-element-populated\">\n\t\t\t\t\t\t<div class=\"elementor-element elementor-element-1c368dc0 elementor-widget elementor-widget-text-editor\" data-id=\"1c368dc0\" data-element_type=\"widget\" data-e-type=\"widget\" data-widget_type=\"text-editor.default\">\n\t\t\t\t<div class=\"elementor-widget-container\">\n\t\t\t\t\t\t\t\t\t<p>Pour devenir membre, il suffit de remplir le <strong><a href=\"https:\/\/crpc-asbl.be\/activites\/vers-le-bicentenaire\/elementor-15587\/\" target=\"_blank\" rel=\"noopener\">formulaire d\u2019inscription<\/a><\/strong>\u00a0et de verser la cotisation\u00a0annuelle de 50,00 euros sur le compte de l\u2019asbl BE09 3632 1611 7757. <br \/>La cotisation est due pour l\u2019ann\u00e9e en cours.\u00a0La validit\u00e9 de l\u2019inscription est examin\u00e9e par le Conseil d\u2019Administration.\u00a0<strong><a href=\"https:\/\/crpc-asbl.be\/activites\/vers-le-bicentenaire\/informations-pratiques\/\" target=\"_blank\" rel=\"noopener\">Pour en savoir plus &#8230;<\/a><\/strong><\/p>\t\t\t\t\t\t\t\t<\/div>\n\t\t\t\t<\/div>\n\t\t\t\t\t<\/div>\n\t\t<\/div>\n\t\t\t\t\t<\/div>\n\t\t<\/section>\n\t\t\t\t<section class=\"elementor-section elementor-top-section elementor-element elementor-element-3bd9255b elementor-section-boxed elementor-section-height-default elementor-section-height-default\" data-id=\"3bd9255b\" data-element_type=\"section\" data-e-type=\"section\" data-settings=\"{&quot;background_background&quot;:&quot;classic&quot;}\">\n\t\t\t\t\t\t<div class=\"elementor-container elementor-column-gap-default\">\n\t\t\t\t\t<div class=\"elementor-column elementor-col-33 elementor-top-column elementor-element elementor-element-5be674dd\" data-id=\"5be674dd\" data-element_type=\"column\" data-e-type=\"column\">\n\t\t\t<div class=\"elementor-widget-wrap elementor-element-populated\">\n\t\t\t\t\t\t<div class=\"elementor-element elementor-element-69dc4206 elementor-widget elementor-widget-heading\" data-id=\"69dc4206\" data-element_type=\"widget\" data-e-type=\"widget\" data-widget_type=\"heading.default\">\n\t\t\t\t<div class=\"elementor-widget-container\">\n\t\t\t\t\t<h4 class=\"elementor-heading-title elementor-size-default\">Devenir membre sympathisant<\/h4>\t\t\t\t<\/div>\n\t\t\t\t<\/div>\n\t\t\t\t<div class=\"elementor-element elementor-element-8b33131 elementor-widget elementor-widget-image\" data-id=\"8b33131\" data-element_type=\"widget\" data-e-type=\"widget\" data-widget_type=\"image.default\">\n\t\t\t\t<div class=\"elementor-widget-container\">\n\t\t\t\t\t\t\t\t\t\t\t\t\t\t\t<img decoding=\"async\" width=\"150\" height=\"150\" src=\"https:\/\/crpc-asbl.be\/copie-crpc-activites\/wp-content\/uploads\/2024\/03\/kisspng-web-development-business-web-design-tech-support-5b2b38a2309dc0.7220504315295592021992-150x150.png\" class=\"attachment-thumbnail size-thumbnail wp-image-162\" alt=\"\" srcset=\"https:\/\/crpc-asbl.be\/copie-crpc-activites\/wp-content\/uploads\/2024\/03\/kisspng-web-development-business-web-design-tech-support-5b2b38a2309dc0.7220504315295592021992-150x150.png 150w, https:\/\/crpc-asbl.be\/copie-crpc-activites\/wp-content\/uploads\/2024\/03\/kisspng-web-development-business-web-design-tech-support-5b2b38a2309dc0.7220504315295592021992-300x300.png 300w, https:\/\/crpc-asbl.be\/copie-crpc-activites\/wp-content\/uploads\/2024\/03\/kisspng-web-development-business-web-design-tech-support-5b2b38a2309dc0.7220504315295592021992-440x440.png 440w, https:\/\/crpc-asbl.be\/copie-crpc-activites\/wp-content\/uploads\/2024\/03\/kisspng-web-development-business-web-design-tech-support-5b2b38a2309dc0.7220504315295592021992.png 600w\" sizes=\"(max-width: 150px) 100vw, 150px\" \/>\t\t\t\t\t\t\t\t\t\t\t\t\t\t\t<\/div>\n\t\t\t\t<\/div>\n\t\t\t\t\t<\/div>\n\t\t<\/div>\n\t\t\t\t<div class=\"elementor-column elementor-col-66 elementor-top-column elementor-element elementor-element-4b2d7b95\" data-id=\"4b2d7b95\" data-element_type=\"column\" data-e-type=\"column\">\n\t\t\t<div class=\"elementor-widget-wrap elementor-element-populated\">\n\t\t\t\t\t\t<div class=\"elementor-element elementor-element-9b1877 elementor-widget elementor-widget-text-editor\" data-id=\"9b1877\" data-element_type=\"widget\" data-e-type=\"widget\" data-widget_type=\"text-editor.default\">\n\t\t\t\t<div class=\"elementor-widget-container\">\n\t\t\t\t\t\t\t\t\t<p>Vous pouvez nous aider ponctuellement lors de nos activit\u00e9s et expositions \u00a0: transport de grilles, am\u00e9nagements, etc &#8230; Dans ces moments, toute aide est la bienvenue.<\/p>\n<p>Vous pouvez vous <a href=\"https:\/\/crpc-asbl.be\/activites\/vers-le-bicentenaire\/je-souhaite-apporter-mon-aide-au-crpc-asbl\/\" target=\"_blank\" rel=\"noopener\"><strong>inscrire<\/strong> <strong>comme b\u00e9n\u00e9vole ICI &gt;&gt;&gt;<\/strong><\/a><\/p>\t\t\t\t\t\t\t\t<\/div>\n\t\t\t\t<\/div>\n\t\t\t\t\t<\/div>\n\t\t<\/div>\n\t\t\t\t\t<\/div>\n\t\t<\/section>\n\t\t\t\t<section class=\"elementor-section elementor-top-section elementor-element elementor-element-4162894 elementor-section-boxed elementor-section-height-default elementor-section-height-default\" data-id=\"4162894\" data-element_type=\"section\" data-e-type=\"section\" data-settings=\"{&quot;background_background&quot;:&quot;classic&quot;}\">\n\t\t\t\t\t\t<div class=\"elementor-container elementor-column-gap-default\">\n\t\t\t\t\t<div class=\"elementor-column elementor-col-33 elementor-top-column elementor-element elementor-element-719b698d\" data-id=\"719b698d\" data-element_type=\"column\" data-e-type=\"column\">\n\t\t\t<div class=\"elementor-widget-wrap elementor-element-populated\">\n\t\t\t\t\t\t<div class=\"elementor-element elementor-element-f6d0910 elementor-widget elementor-widget-heading\" data-id=\"f6d0910\" data-element_type=\"widget\" data-e-type=\"widget\" data-widget_type=\"heading.default\">\n\t\t\t\t<div class=\"elementor-widget-container\">\n\t\t\t\t\t<h4 class=\"elementor-heading-title elementor-size-default\">Devenir donateur<\/h4>\t\t\t\t<\/div>\n\t\t\t\t<\/div>\n\t\t\t\t<div class=\"elementor-element elementor-element-314b65f0 elementor-widget elementor-widget-image\" data-id=\"314b65f0\" data-element_type=\"widget\" data-e-type=\"widget\" data-widget_type=\"image.default\">\n\t\t\t\t<div class=\"elementor-widget-container\">\n\t\t\t\t\t\t\t\t\t\t\t\t\t\t\t<img loading=\"lazy\" loading=\"lazy\" decoding=\"async\" width=\"150\" height=\"150\" src=\"https:\/\/crpc-asbl.be\/copie-crpc-activites\/wp-content\/uploads\/2024\/03\/kisspng-scrooge-mcduck-huey-dewey-and-louie-uncle-scrooge-5ae58324852c68.3589260315249907565455-150x150.png\" class=\"attachment-thumbnail size-thumbnail wp-image-163\" alt=\"\" srcset=\"https:\/\/crpc-asbl.be\/copie-crpc-activites\/wp-content\/uploads\/2024\/03\/kisspng-scrooge-mcduck-huey-dewey-and-louie-uncle-scrooge-5ae58324852c68.3589260315249907565455-150x150.png 150w, https:\/\/crpc-asbl.be\/copie-crpc-activites\/wp-content\/uploads\/2024\/03\/kisspng-scrooge-mcduck-huey-dewey-and-louie-uncle-scrooge-5ae58324852c68.3589260315249907565455-440x440.png 440w\" sizes=\"(max-width: 150px) 100vw, 150px\" \/>\t\t\t\t\t\t\t\t\t\t\t\t\t\t\t<\/div>\n\t\t\t\t<\/div>\n\t\t\t\t\t<\/div>\n\t\t<\/div>\n\t\t\t\t<div class=\"elementor-column elementor-col-66 elementor-top-column elementor-element elementor-element-6614ccf3\" data-id=\"6614ccf3\" data-element_type=\"column\" data-e-type=\"column\">\n\t\t\t<div class=\"elementor-widget-wrap elementor-element-populated\">\n\t\t\t\t\t\t<div class=\"elementor-element elementor-element-1b3b1fc6 elementor-widget elementor-widget-text-editor\" data-id=\"1b3b1fc6\" data-element_type=\"widget\" data-e-type=\"widget\" data-widget_type=\"text-editor.default\">\n\t\t\t\t<div class=\"elementor-widget-container\">\n\t\t\t\t\t\t\t\t\t<p>Vous pouvez aussi nous aider financi\u00e8rement en effectuant un versement sur le compte de l\u2019asbl BE09 3632 1611 7757 du CRPC asbl, avec comme communication \u00ab\u00a0Donation\u00a0\u00bb. <br \/><span style=\"font-family: var( --e-global-typography-text-font-family ), Sans-serif;\">Nous vous en remercions et vous invitons \u00e0 vous inscrire \u00e0 notre lettre d&rsquo;informations pour \u00eatre tenu informer de nos activit\u00e9s.<\/span><\/p>\t\t\t\t\t\t\t\t<\/div>\n\t\t\t\t<\/div>\n\t\t\t\t<div class=\"elementor-element elementor-element-1582260 elementor-align-center elementor-widget elementor-widget-button\" data-id=\"1582260\" data-element_type=\"widget\" data-e-type=\"widget\" data-widget_type=\"button.default\">\n\t\t\t\t<div class=\"elementor-widget-container\">\n\t\t\t\t\t\t\t\t\t<div class=\"elementor-button-wrapper\">\n\t\t\t\t\t<a class=\"elementor-button elementor-button-link elementor-size-sm elementor-animation-grow\" href=\"https:\/\/crpc-asbl.be\/activites\/newsletter\/\">\n\t\t\t\t\t\t<span class=\"elementor-button-content-wrapper\">\n\t\t\t\t\t\t<span class=\"elementor-button-icon\">\n\t\t\t\t<svg aria-hidden=\"true\" class=\"e-font-icon-svg e-far-arrow-alt-circle-right\" viewBox=\"0 0 512 512\" xmlns=\"http:\/\/www.w3.org\/2000\/svg\"><path d=\"M504 256C504 119 393 8 256 8S8 119 8 256s111 248 248 248 248-111 248-248zm-448 0c0-110.5 89.5-200 200-200s200 89.5 200 200-89.5 200-200 200S56 366.5 56 256zm72 20v-40c0-6.6 5.4-12 12-12h116v-67c0-10.7 12.9-16 20.5-8.5l99 99c4.7 4.7 4.7 12.3 0 17l-99 99c-7.6 7.6-20.5 2.2-20.5-8.5v-67H140c-6.6 0-12-5.4-12-12z\"><\/path><\/svg>\t\t\t<\/span>\n\t\t\t\t\t\t\t\t\t<span class=\"elementor-button-text\">Je m'abonne \u00e0 la lettre d'information <\/span>\n\t\t\t\t\t<\/span>\n\t\t\t\t\t<\/a>\n\t\t\t\t<\/div>\n\t\t\t\t\t\t\t\t<\/div>\n\t\t\t\t<\/div>\n\t\t\t\t\t<\/div>\n\t\t<\/div>\n\t\t\t\t\t<\/div>\n\t\t<\/section>\n\t\t\t\t<section class=\"elementor-section elementor-top-section elementor-element elementor-element-7188638b elementor-section-boxed elementor-section-height-default elementor-section-height-default\" data-id=\"7188638b\" data-element_type=\"section\" data-e-type=\"section\" data-settings=\"{&quot;background_background&quot;:&quot;classic&quot;}\">\n\t\t\t\t\t\t<div class=\"elementor-container elementor-column-gap-default\">\n\t\t\t\t\t<div class=\"elementor-column elementor-col-33 elementor-top-column elementor-element elementor-element-ff2f545\" data-id=\"ff2f545\" data-element_type=\"column\" data-e-type=\"column\">\n\t\t\t<div class=\"elementor-widget-wrap elementor-element-populated\">\n\t\t\t\t\t\t<div class=\"elementor-element elementor-element-3516f492 elementor-widget elementor-widget-heading\" data-id=\"3516f492\" data-element_type=\"widget\" data-e-type=\"widget\" data-widget_type=\"heading.default\">\n\t\t\t\t<div class=\"elementor-widget-container\">\n\t\t\t\t\t<h4 class=\"elementor-heading-title elementor-size-default\">D'autres id\u00e9es ?<\/h4>\t\t\t\t<\/div>\n\t\t\t\t<\/div>\n\t\t\t\t<div class=\"elementor-element elementor-element-48acdcac elementor-widget elementor-widget-image\" data-id=\"48acdcac\" data-element_type=\"widget\" data-e-type=\"widget\" data-widget_type=\"image.default\">\n\t\t\t\t<div class=\"elementor-widget-container\">\n\t\t\t\t\t\t\t\t\t\t\t\t\t\t\t<img loading=\"lazy\" loading=\"lazy\" decoding=\"async\" width=\"150\" height=\"150\" src=\"https:\/\/crpc-asbl.be\/copie-crpc-activites\/wp-content\/uploads\/2024\/03\/kisspng-web-development-responsive-web-design-website-sear-vector-three-dimensional-cube-block-png-picture-5a79ebaa138830.60713583151793962608-e1646322816933-150x150.png\" class=\"attachment-thumbnail size-thumbnail wp-image-164\" alt=\"\" srcset=\"https:\/\/crpc-asbl.be\/copie-crpc-activites\/wp-content\/uploads\/2024\/03\/kisspng-web-development-responsive-web-design-website-sear-vector-three-dimensional-cube-block-png-picture-5a79ebaa138830.60713583151793962608-e1646322816933-150x150.png 150w, https:\/\/crpc-asbl.be\/copie-crpc-activites\/wp-content\/uploads\/2024\/03\/kisspng-web-development-responsive-web-design-website-sear-vector-three-dimensional-cube-block-png-picture-5a79ebaa138830.60713583151793962608-e1646322816933-300x300.png 300w, https:\/\/crpc-asbl.be\/copie-crpc-activites\/wp-content\/uploads\/2024\/03\/kisspng-web-development-responsive-web-design-website-sear-vector-three-dimensional-cube-block-png-picture-5a79ebaa138830.60713583151793962608-e1646322816933-440x440.png 440w, https:\/\/crpc-asbl.be\/copie-crpc-activites\/wp-content\/uploads\/2024\/03\/kisspng-web-development-responsive-web-design-website-sear-vector-three-dimensional-cube-block-png-picture-5a79ebaa138830.60713583151793962608-e1646322816933.png 500w\" sizes=\"(max-width: 150px) 100vw, 150px\" \/>\t\t\t\t\t\t\t\t\t\t\t\t\t\t\t<\/div>\n\t\t\t\t<\/div>\n\t\t\t\t\t<\/div>\n\t\t<\/div>\n\t\t\t\t<div class=\"elementor-column elementor-col-66 elementor-top-column elementor-element elementor-element-1d4c2adf\" data-id=\"1d4c2adf\" data-element_type=\"column\" data-e-type=\"column\" data-settings=\"{&quot;background_background&quot;:&quot;classic&quot;}\">\n\t\t\t<div class=\"elementor-widget-wrap elementor-element-populated\">\n\t\t\t\t\t\t<div class=\"elementor-element elementor-element-418828f3 elementor-widget elementor-widget-text-editor\" data-id=\"418828f3\" data-element_type=\"widget\" data-e-type=\"widget\" data-widget_type=\"text-editor.default\">\n\t\t\t\t<div class=\"elementor-widget-container\">\n\t\t\t\t\t\t\t\t\t<p>Si OUI super !<\/p>\n<p>Alors merci d&rsquo;utiliser ce\u00a0<strong><a href=\"https:\/\/crpc-asbl.be\/activites\/vers-le-bicentenaire\/nos-activites\/elementor-15579\/\">formulaire p<\/a>our nous faire part de vos id\u00e9es<\/strong><a href=\"https:\/\/crpc-asbl.be\/activites\/vers-le-bicentenaire\/nos-activites\/elementor-15579\/\"><img loading=\"lazy\" loading=\"lazy\" decoding=\"async\" class=\"aligncenter wp-image-15416 size-full\" src=\"https:\/\/crpc-asbl.be\/activites\/wp-content\/uploads\/2024\/03\/mail_send.png\" alt=\"\" width=\"32\" height=\"32\" \/><\/a><\/p>\t\t\t\t\t\t\t\t<\/div>\n\t\t\t\t<\/div>\n\t\t\t\t\t<\/div>\n\t\t<\/div>\n\t\t\t\t\t<\/div>\n\t\t<\/section>\n\t\t\t\t<\/div>\n\t\t","protected":false},"excerpt":{"rendered":"<p>VOUS POUVEZ NOUS AIDER ! Plusieurs possibilit\u00e9s sont \u00e0 votre disposition : Devenir membre actif Pour devenir membre, il suffit de remplir le formulaire d\u2019inscription\u00a0et de verser la cotisation\u00a0annuelle de 50,00 euros sur le compte de l\u2019asbl BE09 3632 1611 7757. La cotisation est due pour l\u2019ann\u00e9e en cours.\u00a0La validit\u00e9 de l\u2019inscription est examin\u00e9e par [&hellip;]<\/p>\n","protected":false},"author":1,"featured_media":0,"parent":21,"menu_order":0,"comment_status":"closed","ping_status":"open","template":"","meta":{"_et_pb_use_builder":"","_et_pb_old_content":"","_et_gb_content_width":"","_eb_attr":"","footnotes":""},"class_list":["post-158","page","type-page","status-publish","hentry"],"_links":{"self":[{"href":"https:\/\/crpc-asbl.be\/copie-crpc-activites\/wp-json\/wp\/v2\/pages\/158","targetHints":{"allow":["GET"]}}],"collection":[{"href":"https:\/\/crpc-asbl.be\/copie-crpc-activites\/wp-json\/wp\/v2\/pages"}],"about":[{"href":"https:\/\/crpc-asbl.be\/copie-crpc-activites\/wp-json\/wp\/v2\/types\/page"}],"author":[{"embeddable":true,"href":"https:\/\/crpc-asbl.be\/copie-crpc-activites\/wp-json\/wp\/v2\/users\/1"}],"replies":[{"embeddable":true,"href":"https:\/\/crpc-asbl.be\/copie-crpc-activites\/wp-json\/wp\/v2\/comments?post=158"}],"version-history":[{"count":1,"href":"https:\/\/crpc-asbl.be\/copie-crpc-activites\/wp-json\/wp\/v2\/pages\/158\/revisions"}],"predecessor-version":[{"id":19114,"href":"https:\/\/crpc-asbl.be\/copie-crpc-activites\/wp-json\/wp\/v2\/pages\/158\/revisions\/19114"}],"up":[{"embeddable":true,"href":"https:\/\/crpc-asbl.be\/copie-crpc-activites\/wp-json\/wp\/v2\/pages\/21"}],"wp:attachment":[{"href":"https:\/\/crpc-asbl.be\/copie-crpc-activites\/wp-json\/wp\/v2\/media?parent=158"}],"curies":[{"name":"wp","href":"https:\/\/api.w.org\/{rel}","templated":true}]}}