{"id":15587,"date":"2024-03-25T11:10:49","date_gmt":"2024-03-25T10:10:49","guid":{"rendered":"https:\/\/crpc-asbl.be\/copie-crpc-activites\/\/?page_id=15587"},"modified":"2025-03-09T01:00:10","modified_gmt":"2025-03-09T00:00:10","slug":"devenir-membre-crpc","status":"publish","type":"page","link":"https:\/\/crpc-asbl.be\/copie-crpc-activites\/vers-le-bicentenaire\/devenir-membre-crpc\/","title":{"rendered":"Devenir membre du CRPC asbl"},"content":{"rendered":"\t\t<div data-elementor-type=\"wp-page\" data-elementor-id=\"15587\" class=\"elementor elementor-15587\">\n\t\t\t\t<div class=\"elementor-element elementor-element-f798dfe e-flex e-con-boxed e-con e-parent\" data-id=\"f798dfe\" data-element_type=\"container\" data-e-type=\"container\">\n\t\t\t\t\t<div class=\"e-con-inner\">\n\t\t\t\t<div class=\"elementor-element elementor-element-5b114afb elementor-widget elementor-widget-text-editor\" data-id=\"5b114afb\" data-element_type=\"widget\" data-e-type=\"widget\" data-widget_type=\"text-editor.default\">\n\t\t\t\t<div class=\"elementor-widget-container\">\n\t\t\t\t\t\t\t\t\t\t\t\t\t\t\t\t\t<\/div>\n\t\t\t\t<\/div>\n\t\t\t\t\t<\/div>\n\t\t\t\t<\/div>\n\t\t\t\t<section class=\"elementor-section elementor-top-section elementor-element elementor-element-1fb890eb elementor-section-boxed elementor-section-height-default elementor-section-height-default\" data-id=\"1fb890eb\" data-element_type=\"section\" data-e-type=\"section\">\n\t\t\t\t\t\t<div class=\"elementor-container elementor-column-gap-default\">\n\t\t\t\t\t<div class=\"elementor-column elementor-col-100 elementor-top-column elementor-element elementor-element-1717a6c8\" data-id=\"1717a6c8\" data-element_type=\"column\" data-e-type=\"column\" data-settings=\"{&quot;background_background&quot;:&quot;classic&quot;}\">\n\t\t\t<div class=\"elementor-widget-wrap elementor-element-populated\">\n\t\t\t\t\t\t<div class=\"elementor-element elementor-element-cd22caa elementor-widget elementor-widget-heading\" data-id=\"cd22caa\" data-element_type=\"widget\" data-e-type=\"widget\" data-widget_type=\"heading.default\">\n\t\t\t\t<div class=\"elementor-widget-container\">\n\t\t\t\t\t<h2 class=\"elementor-heading-title elementor-size-default\">Devenir membre du CRPC asbl<\/h2>\t\t\t\t<\/div>\n\t\t\t\t<\/div>\n\t\t\t\t<div class=\"elementor-element elementor-element-21e72404 elementor-widget elementor-widget-text-editor\" data-id=\"21e72404\" data-element_type=\"widget\" data-e-type=\"widget\" data-widget_type=\"text-editor.default\">\n\t\t\t\t<div class=\"elementor-widget-container\">\n\t\t\t\t\t\t\t\t\t<p><style id=\"wpforms-css-vars-15548\">\n\t\t\t\t#wpforms-15548 {\n\t\t\t\t--wpforms-field-size-input-height: 43px;\n--wpforms-field-size-input-spacing: 15px;\n--wpforms-field-size-font-size: 16px;\n--wpforms-field-size-line-height: 19px;\n--wpforms-field-size-padding-h: 14px;\n--wpforms-field-size-checkbox-size: 16px;\n--wpforms-field-size-sublabel-spacing: 5px;\n--wpforms-field-size-icon-size: 1;\n--wpforms-label-size-font-size: 16px;\n--wpforms-label-size-line-height: 19px;\n--wpforms-label-size-sublabel-font-size: 14px;\n--wpforms-label-size-sublabel-line-height: 17px;\n--wpforms-button-size-font-size: 17px;\n--wpforms-button-size-height: 41px;\n--wpforms-button-size-padding-h: 15px;\n--wpforms-button-size-margin-top: 10px;\n--wpforms-container-shadow-size-box-shadow: none;\n\t\t\t}\n\t\t\t<\/style><div class=\"wpforms-container wpforms-container-full wpforms-render-modern\" id=\"wpforms-15548\"><form id=\"wpforms-form-15548\" class=\"wpforms-validate wpforms-form wpforms-ajax-form\" data-formid=\"15548\" method=\"post\" enctype=\"multipart\/form-data\" action=\"\/copie-crpc-activites\/wp-json\/wp\/v2\/pages\/15587\" data-token=\"ad10844b40b8a837e2cdedb87c2bd5a8\" data-token-time=\"1777541569\"><noscript class=\"wpforms-error-noscript\">Veuillez activer JavaScript dans votre navigateur pour remplir ce formulaire.<\/noscript><div id=\"wpforms-error-noscript\" style=\"display: none;\">Veuillez activer JavaScript dans votre navigateur pour remplir ce formulaire.<\/div><div class=\"wpforms-field-container\"><div id=\"wpforms-15548-field_26-container\" class=\"wpforms-field wpforms-field-hidden\" data-field-id=\"26\"><input type=\"hidden\" id=\"wpforms-15548-field_26\" name=\"wpforms[fields][26]\"><\/div><div id=\"wpforms-15548-field_27-container\" class=\"wpforms-field wpforms-field-hidden\" data-field-id=\"27\"><input type=\"hidden\" id=\"wpforms-15548-field_27\" name=\"wpforms[fields][27]\" value=\"216.73.216.212\"><\/div><div id=\"wpforms-15548-field_6-container\" class=\"wpforms-field wpforms-field-select wpforms-field-select-style-classic\" data-field-id=\"6\"><label class=\"wpforms-field-label\" for=\"wpforms-15548-field_6\">Vos coordonn\u00e9es : civilit\u00e9 <span class=\"wpforms-required-label\" aria-hidden=\"true\">*<\/span><\/label><select id=\"wpforms-15548-field_6\" class=\"wpforms-field-small wpforms-field-required\" name=\"wpforms[fields][6]\" required=\"required\"><option value=\"Madame\"  class=\"choice-1 depth-1\"  >Madame<\/option><option value=\"Monsieur\"  class=\"choice-2 depth-1\"  >Monsieur<\/option><option value=\"Mademoiselle\"  class=\"choice-3 depth-1\"  >Mademoiselle<\/option><\/select><\/div><div id=\"wpforms-15548-field_3-container\" class=\"wpforms-field wpforms-field-name\" data-field-id=\"3\"><fieldset><legend class=\"wpforms-field-label\">Pr\u00e9nom, Nom de famille <span class=\"wpforms-required-label\" aria-hidden=\"true\">*<\/span><\/legend><div class=\"wpforms-field-row wpforms-field-medium\"><div class=\"wpforms-field-row-block wpforms-first wpforms-one-half\"><input type=\"text\" id=\"wpforms-15548-field_3\" class=\"wpforms-field-name-first wpforms-field-required\" name=\"wpforms[fields][3][first]\" aria-errormessage=\"wpforms-15548-field_3-error\" required><label for=\"wpforms-15548-field_3\" class=\"wpforms-field-sublabel after\">Pr\u00e9nom<\/label><\/div><div class=\"wpforms-field-row-block wpforms-one-half\"><input type=\"text\" id=\"wpforms-15548-field_3-last\" class=\"wpforms-field-name-last wpforms-field-required\" name=\"wpforms[fields][3][last]\" aria-errormessage=\"wpforms-15548-field_3-last-error\" required><label for=\"wpforms-15548-field_3-last\" class=\"wpforms-field-sublabel after\">Nom<\/label><\/div><\/div><\/fieldset><\/div><div id=\"wpforms-15548-field_4-container\" class=\"wpforms-field wpforms-field-email\" data-field-id=\"4\"><fieldset><legend class=\"wpforms-field-label\">Votre adresse mail <span class=\"wpforms-required-label\" aria-hidden=\"true\">*<\/span><\/legend><div class=\"wpforms-field-row wpforms-field-medium\"><div class=\"wpforms-field-row-block wpforms-one-half wpforms-first\"><input type=\"email\" id=\"wpforms-15548-field_4\" class=\"wpforms-field-required wpforms-field-email-primary\" name=\"wpforms[fields][4][primary]\" spellcheck=\"false\" aria-errormessage=\"wpforms-15548-field_4-error\" required><label for=\"wpforms-15548-field_4\" class=\"wpforms-field-sublabel after\">E-mail<\/label><\/div><div class=\"wpforms-field-row-block wpforms-one-half\"><input type=\"email\" id=\"wpforms-15548-field_4-secondary\" class=\"wpforms-field-email-secondary wpforms-field-required\" data-rule-confirm=\"#wpforms-15548-field_4\" name=\"wpforms[fields][4][secondary]\" spellcheck=\"false\" aria-errormessage=\"wpforms-15548-field_4-secondary-error\" required><label for=\"wpforms-15548-field_4-secondary\" class=\"wpforms-field-sublabel after\">Confirmez l\u2019e-mail<\/label><\/div><\/div><\/fieldset><\/div><div id=\"wpforms-15548-field_5-container\" class=\"wpforms-field wpforms-field-text\" data-field-id=\"5\"><label class=\"wpforms-field-label\" for=\"wpforms-15548-field_5\">Votre adresse postale <span class=\"wpforms-required-label\" aria-hidden=\"true\">*<\/span><\/label><input type=\"text\" id=\"wpforms-15548-field_5\" class=\"wpforms-field-large wpforms-field-required\" name=\"wpforms[fields][5]\" aria-errormessage=\"wpforms-15548-field_5-error\" aria-describedby=\"wpforms-15548-field_5-description\" required><div id=\"wpforms-15548-field_5-description\" class=\"wpforms-field-description\">RUE, NUMERO (BOITE)<\/div><\/div><div id=\"wpforms-15548-field_16-container\" class=\"wpforms-field wpforms-field-text wpforms-one-third wpforms-first\" data-field-id=\"16\"><label class=\"wpforms-field-label wpforms-label-hide\" for=\"wpforms-15548-field_16\" aria-hidden=\"false\">Code Postal <span class=\"wpforms-required-label\" aria-hidden=\"true\">*<\/span><\/label><input type=\"text\" id=\"wpforms-15548-field_16\" class=\"wpforms-field-small wpforms-field-required wpforms-masked-input\" data-rule-inputmask-incomplete=\"1\" data-inputmask-mask=\"9999\" name=\"wpforms[fields][16]\" aria-errormessage=\"wpforms-15548-field_16-error\" aria-describedby=\"wpforms-15548-field_16-description\" required><div id=\"wpforms-15548-field_16-description\" class=\"wpforms-field-description\">CODE POSTAL<\/div><\/div><div id=\"wpforms-15548-field_15-container\" class=\"wpforms-field wpforms-field-text wpforms-two-thirds\" data-field-id=\"15\"><label class=\"wpforms-field-label wpforms-label-hide\" for=\"wpforms-15548-field_15\" aria-hidden=\"false\">Localit\u00e9 <span class=\"wpforms-required-label\" aria-hidden=\"true\">*<\/span><\/label><input type=\"text\" id=\"wpforms-15548-field_15\" class=\"wpforms-field-medium wpforms-field-required\" name=\"wpforms[fields][15]\" aria-errormessage=\"wpforms-15548-field_15-error\" aria-describedby=\"wpforms-15548-field_15-description\" required><div id=\"wpforms-15548-field_15-description\" class=\"wpforms-field-description\">LOCALITE<\/div><\/div><div id=\"wpforms-15548-field_22-container\" class=\"wpforms-field wpforms-field-text\" data-field-id=\"22\"><label class=\"wpforms-field-label\" for=\"wpforms-15548-field_22\">GSM <span class=\"wpforms-required-label\" aria-hidden=\"true\">*<\/span><\/label><input type=\"text\" id=\"wpforms-15548-field_22\" class=\"wpforms-field-medium wpforms-field-required wpforms-masked-input\" data-rule-inputmask-incomplete=\"1\" data-inputmask-mask=\"+32 (0)9{3}\/9{2}.9{2}.9{2}\" name=\"wpforms[fields][22]\" aria-errormessage=\"wpforms-15548-field_22-error\" required><\/div><div id=\"wpforms-15548-field_19-container\" class=\"wpforms-field wpforms-field-checkbox\" data-field-id=\"19\"><fieldset><legend class=\"wpforms-field-label\">Je souhaite devenir membre de l&#039;asbl CRPC et <span class=\"wpforms-required-label\" aria-hidden=\"true\">*<\/span><\/legend><ul id=\"wpforms-15548-field_19\" class=\"wpforms-field-required\"><li class=\"choice-1 depth-1\"><input type=\"checkbox\" id=\"wpforms-15548-field_19_1\" name=\"wpforms[fields][19][]\" value=\"Je verse ma cotisation de 50,00 \u20ac ( 25,00 \u20ac si inscription apr\u00e8s le 01\/07 ) sur le compte de l&#039;asbl = BE09 3632 1611 7757\" aria-errormessage=\"wpforms-15548-field_19_1-error\" aria-describedby=\"wpforms-15548-field_19-description\" required ><label class=\"wpforms-field-label-inline\" for=\"wpforms-15548-field_19_1\">Je verse ma cotisation de 50,00 \u20ac ( 25,00 \u20ac si inscription apr\u00e8s le 01\/07 ) sur le compte de l&rsquo;asbl = BE09 3632 1611 7757<\/label><\/li><\/ul><div id=\"wpforms-15548-field_19-description\" class=\"wpforms-field-description\">La cotisation est due pour l&rsquo;ann\u00e9e en cours. L&rsquo;inscription ne pourra \u00eatre valid\u00e9e qu&rsquo;apr\u00e8s r\u00e9ception du paiement.\n<\/div><\/fieldset><\/div><div id=\"wpforms-15548-field_28-container\" class=\"wpforms-field wpforms-field-checkbox\" data-field-id=\"28\"><fieldset><legend class=\"wpforms-field-label\">Accord Statuts et ROI <span class=\"wpforms-required-label\" aria-hidden=\"true\">*<\/span><\/legend><ul id=\"wpforms-15548-field_28\" class=\"wpforms-field-required\"><li class=\"choice-5 depth-1\"><input type=\"checkbox\" id=\"wpforms-15548-field_28_5\" name=\"wpforms[fields][28][]\" value=\"J&#039;ai pris connaissance des statuts et du r\u00e8glement d&#039;ordre int\u00e9rieur (ROI).\" aria-errormessage=\"wpforms-15548-field_28_5-error\" required ><label class=\"wpforms-field-label-inline\" for=\"wpforms-15548-field_28_5\">J&rsquo;ai pris connaissance des statuts et du r\u00e8glement d&rsquo;ordre int\u00e9rieur (ROI).<\/label><\/li><\/ul><\/fieldset><\/div><div id=\"wpforms-15548-field_29-container\" class=\"wpforms-field wpforms-field-checkbox\" data-field-id=\"29\"><fieldset><legend class=\"wpforms-field-label\">Moyens de communication <span class=\"wpforms-required-label\" aria-hidden=\"true\">*<\/span><\/legend><ul id=\"wpforms-15548-field_29\" class=\"wpforms-field-required\"><li class=\"choice-5 depth-1\"><input type=\"checkbox\" id=\"wpforms-15548-field_29_5\" name=\"wpforms[fields][29][]\" value=\"Je marque mon accord quant \u00e0 l&#039;utilisation des moyens d&#039;informations utilis\u00e9s par l&#039;asbl comme les emails, le site web, Facebook et autres possibilit\u00e9s.\" aria-errormessage=\"wpforms-15548-field_29_5-error\" required ><label class=\"wpforms-field-label-inline\" for=\"wpforms-15548-field_29_5\">Je marque mon accord quant \u00e0 l&rsquo;utilisation des moyens d&rsquo;informations utilis\u00e9s par l&rsquo;asbl comme les emails, le site web, Facebook et autres possibilit\u00e9s.<\/label><\/li><\/ul><\/fieldset><\/div><div id=\"wpforms-15548-field_10-container\" class=\"wpforms-field wpforms-field-textarea\" data-field-id=\"10\"><label class=\"wpforms-field-label\" for=\"wpforms-15548-field_10\">En quelques mots merci d&#039;exprimer vos motivations, vos attentes &#8230; <span class=\"wpforms-required-label\" aria-hidden=\"true\">*<\/span><\/label><textarea id=\"wpforms-15548-field_10\" class=\"wpforms-field-medium wpforms-field-required wpforms-limit-characters-enabled\" data-form-id=\"15548\" data-field-id=\"10\" data-text-limit=\"5000\" name=\"wpforms[fields][10]\" aria-errormessage=\"wpforms-15548-field_10-error\" maxlength=\"5000\" required><\/textarea><\/div><div id=\"wpforms-15548-field_14-container\" class=\"wpforms-field wpforms-field-gdpr-checkbox\" data-field-id=\"14\"><label class=\"wpforms-field-label\">Accord RGPD <span class=\"wpforms-required-label\" aria-hidden=\"true\">*<\/span><\/label><ul id=\"wpforms-15548-field_14\" class=\"wpforms-field-required\"><li class=\"choice-1\"><input type=\"checkbox\" id=\"wpforms-15548-field_14_1\" name=\"wpforms[fields][14][]\" value=\"Je donne mon consentement au stockage mes informations envoy\u00e9es sur le site afin de r\u00e9pondre \u00e0 ma requ\u00eate. Elles pourront \u00e9galement \u00eatre utilis\u00e9es par le CRPC asbl dans le cadre de ses activit\u00e9s et pour la gestion administrative.\" aria-errormessage=\"wpforms-15548-field_14_1-error\" aria-describedby=\"wpforms-15548-field_14-description\" required ><label class=\"wpforms-field-label-inline\" for=\"wpforms-15548-field_14_1\">Je donne mon consentement au stockage mes informations envoy\u00e9es sur le site afin de r\u00e9pondre \u00e0 ma requ\u00eate. Elles pourront \u00e9galement \u00eatre utilis\u00e9es par le CRPC asbl dans le cadre de ses activit\u00e9s et pour la gestion administrative.<\/label><\/li><\/ul><div id=\"wpforms-15548-field_14-description\" class=\"wpforms-field-description\">Le membre b\u00e9n\u00e9ficie d\u2019un droit d\u2019acc\u00e8s et de rectification aux informations qui le concernent. Le membre informera le CRPC asbl de toutes modifications. Les donn\u00e9es du membre seront supprim\u00e9es \u00e0 son d\u00e9part. Le candidat recevra une confirmation de sa demande.<\/div><\/div><\/div><!-- .wpforms-field-container --><div class=\"wpforms-field wpforms-field-hp\"><label for=\"wpforms-15548-field-hp\" class=\"wpforms-field-label\">Email<\/label><input type=\"text\" name=\"wpforms[hp]\" id=\"wpforms-15548-field-hp\" class=\"wpforms-field-medium\"><\/div><div class=\"wpforms-submit-container\" ><input type=\"hidden\" name=\"wpforms[id]\" value=\"15548\"><input type=\"hidden\" name=\"page_title\" value=\"\"><input type=\"hidden\" name=\"page_url\" value=\"https:\/\/crpc-asbl.be\/copie-crpc-activites\/wp-json\/wp\/v2\/pages\/15587\"><input type=\"hidden\" name=\"url_referer\" value=\"\"><button type=\"submit\" name=\"wpforms[submit]\" id=\"wpforms-submit-15548\" class=\"wpforms-submit\" data-alt-text=\"Envoi...\" data-submit-text=\"Envoyer\" aria-live=\"assertive\" value=\"wpforms-submit\">Envoyer<\/button><img decoding=\"async\" src=\"https:\/\/crpc-asbl.be\/copie-crpc-activites\/wp-content\/plugins\/wpforms\/assets\/images\/submit-spin.svg\" class=\"wpforms-submit-spinner\" style=\"display: none;\" width=\"26\" height=\"26\" alt=\"Chargement en cours\"><\/div><\/form><\/div>  <!-- .wpforms-container --><\/p>\t\t\t\t\t\t\t\t<\/div>\n\t\t\t\t<\/div>\n\t\t\t\t\t<\/div>\n\t\t<\/div>\n\t\t\t\t\t<\/div>\n\t\t<\/section>\n\t\t\t\t<\/div>\n\t\t","protected":false},"excerpt":{"rendered":"<p>Devenir membre du CRPC asbl<\/p>\n","protected":false},"author":1,"featured_media":0,"parent":21,"menu_order":0,"comment_status":"closed","ping_status":"open","template":"","meta":{"_et_pb_use_builder":"","_et_pb_old_content":"","_et_gb_content_width":"","_eb_attr":"","footnotes":""},"class_list":["post-15587","page","type-page","status-publish","hentry"],"_links":{"self":[{"href":"https:\/\/crpc-asbl.be\/copie-crpc-activites\/wp-json\/wp\/v2\/pages\/15587","targetHints":{"allow":["GET"]}}],"collection":[{"href":"https:\/\/crpc-asbl.be\/copie-crpc-activites\/wp-json\/wp\/v2\/pages"}],"about":[{"href":"https:\/\/crpc-asbl.be\/copie-crpc-activites\/wp-json\/wp\/v2\/types\/page"}],"author":[{"embeddable":true,"href":"https:\/\/crpc-asbl.be\/copie-crpc-activites\/wp-json\/wp\/v2\/users\/1"}],"replies":[{"embeddable":true,"href":"https:\/\/crpc-asbl.be\/copie-crpc-activites\/wp-json\/wp\/v2\/comments?post=15587"}],"version-history":[{"count":1,"href":"https:\/\/crpc-asbl.be\/copie-crpc-activites\/wp-json\/wp\/v2\/pages\/15587\/revisions"}],"predecessor-version":[{"id":21057,"href":"https:\/\/crpc-asbl.be\/copie-crpc-activites\/wp-json\/wp\/v2\/pages\/15587\/revisions\/21057"}],"up":[{"embeddable":true,"href":"https:\/\/crpc-asbl.be\/copie-crpc-activites\/wp-json\/wp\/v2\/pages\/21"}],"wp:attachment":[{"href":"https:\/\/crpc-asbl.be\/copie-crpc-activites\/wp-json\/wp\/v2\/media?parent=15587"}],"curies":[{"name":"wp","href":"https:\/\/api.w.org\/{rel}","templated":true}]}}