{"id":15579,"date":"2024-03-25T10:54:53","date_gmt":"2024-03-25T09:54:53","guid":{"rendered":"https:\/\/crpc-asbl.be\/copie-crpc-activites\/\/?page_id=15579"},"modified":"2025-12-18T20:06:23","modified_gmt":"2025-12-18T19:06:23","slug":"elementor-15579","status":"publish","type":"page","link":"https:\/\/crpc-asbl.be\/copie-crpc-activites\/vers-le-bicentenaire\/nos-activites\/elementor-15579\/","title":{"rendered":"Nous contacter"},"content":{"rendered":"\t\t<div data-elementor-type=\"wp-page\" data-elementor-id=\"15579\" class=\"elementor elementor-15579\">\n\t\t\t\t<div class=\"elementor-element elementor-element-2f2f9b52 e-flex e-con-boxed e-con e-parent\" data-id=\"2f2f9b52\" data-element_type=\"container\" data-e-type=\"container\">\n\t\t\t\t\t<div class=\"e-con-inner\">\n\t\t\t\t<div class=\"elementor-element elementor-element-102d9f05 elementor-widget elementor-widget-text-editor\" data-id=\"102d9f05\" data-element_type=\"widget\" data-e-type=\"widget\" data-widget_type=\"text-editor.default\">\n\t\t\t\t<div class=\"elementor-widget-container\">\n\t\t\t\t\t\t\t\t\t\t\t\t\t\t\t\t\t<\/div>\n\t\t\t\t<\/div>\n\t\t\t\t\t<\/div>\n\t\t\t\t<\/div>\n\t\t\t\t<section class=\"elementor-section elementor-top-section elementor-element elementor-element-14fb21e9 elementor-section-boxed elementor-section-height-default elementor-section-height-default\" data-id=\"14fb21e9\" data-element_type=\"section\" data-e-type=\"section\">\n\t\t\t\t\t\t<div class=\"elementor-container elementor-column-gap-default\">\n\t\t\t\t\t<div class=\"elementor-column elementor-col-100 elementor-top-column elementor-element elementor-element-35e4110b\" data-id=\"35e4110b\" data-element_type=\"column\" data-e-type=\"column\" data-settings=\"{&quot;background_background&quot;:&quot;classic&quot;}\">\n\t\t\t<div class=\"elementor-widget-wrap elementor-element-populated\">\n\t\t\t\t\t\t<div class=\"elementor-element elementor-element-4ca7fe3c elementor-widget elementor-widget-text-editor\" data-id=\"4ca7fe3c\" data-element_type=\"widget\" data-e-type=\"widget\" data-widget_type=\"text-editor.default\">\n\t\t\t\t<div class=\"elementor-widget-container\">\n\t\t\t\t\t\t\t\t\t<p>\u00a0<\/p>\n<p style=\"text-align: center;\">Merci de compl\u00e9ter le formulaire ci-dessous pour toutes demandes d&rsquo;informations g\u00e9n\u00e9rales.<\/p>\n<p style=\"text-align: center;\">En ce qui concerne l&rsquo;asbl, avez-vous pris connaissance des <strong><a href=\"https:\/\/crpc-asbl.be\/activites\/informations-crpc-asbl\/\">\u00ab\u00a0Informations Pratiques\u00a0\u00bb<\/a><\/strong> ?<\/p>\n<p style=\"text-align: center;\">Si vous souhaitez nous rejoindre, merci d&rsquo;utiliser de pr\u00e9f\u00e9rence le <a href=\"https:\/\/crpc-asbl.be\/activites\/vers-le-bicentenaire\/devenir-membre-crpc\/\"><strong>\u00ab\u00a0Formulaire d&rsquo;Inscription\u00a0\u00bb<\/strong><\/a>.<\/p>\t\t\t\t\t\t\t\t<\/div>\n\t\t\t\t<\/div>\n\t\t\t\t\t<\/div>\n\t\t<\/div>\n\t\t\t\t\t<\/div>\n\t\t<\/section>\n\t\t\t\t<section class=\"elementor-section elementor-top-section elementor-element elementor-element-1824209d elementor-section-boxed elementor-section-height-default elementor-section-height-default\" data-id=\"1824209d\" data-element_type=\"section\" data-e-type=\"section\">\n\t\t\t\t\t\t<div class=\"elementor-container elementor-column-gap-default\">\n\t\t\t\t\t<div class=\"elementor-column elementor-col-100 elementor-top-column elementor-element elementor-element-25f82501\" data-id=\"25f82501\" data-element_type=\"column\" data-e-type=\"column\" data-settings=\"{&quot;background_background&quot;:&quot;classic&quot;}\">\n\t\t\t<div class=\"elementor-widget-wrap elementor-element-populated\">\n\t\t\t\t\t\t<div class=\"elementor-element elementor-element-58d619df elementor-widget elementor-widget-heading\" data-id=\"58d619df\" data-element_type=\"widget\" data-e-type=\"widget\" data-widget_type=\"heading.default\">\n\t\t\t\t<div class=\"elementor-widget-container\">\n\t\t\t\t\t<h2 class=\"elementor-heading-title elementor-size-default\">Formulaire de contact<\/h2>\t\t\t\t<\/div>\n\t\t\t\t<\/div>\n\t\t\t\t<div class=\"elementor-element elementor-element-3201a90f elementor-widget elementor-widget-text-editor\" data-id=\"3201a90f\" data-element_type=\"widget\" data-e-type=\"widget\" data-widget_type=\"text-editor.default\">\n\t\t\t\t<div class=\"elementor-widget-container\">\n\t\t\t\t\t\t\t\t\t<p>\u00a0<\/p>\n<p><style id=\"wpforms-css-vars-15550\">\n\t\t\t\t#wpforms-15550 {\n\t\t\t\t\n\t\t\t}\n\t\t\t<\/style><div class=\"wpforms-container wpforms-container-full wpforms-render-modern\" id=\"wpforms-15550\"><form id=\"wpforms-form-15550\" class=\"wpforms-validate wpforms-form\" data-formid=\"15550\" method=\"post\" enctype=\"multipart\/form-data\" action=\"\/copie-crpc-activites\/wp-json\/wp\/v2\/pages\/15579\" data-token=\"3606b14612edd4f52241174f67b7bb84\" data-token-time=\"1777544480\"><noscript class=\"wpforms-error-noscript\">Veuillez activer JavaScript dans votre navigateur pour remplir ce formulaire.<\/noscript><div id=\"wpforms-error-noscript\" style=\"display: none;\">Veuillez activer JavaScript dans votre navigateur pour remplir ce formulaire.<\/div><div class=\"wpforms-page-indicator progress\" data-indicator=\"progress\" data-indicator-color=\"#066aab\" data-scroll=\"1\" role=\"progressbar\" aria-valuenow=\"1\" aria-valuemin=\"1\" aria-valuemax=\"2\" tabindex=\"-1\"><span class=\"wpforms-page-indicator-page-title\" ><\/span><span class=\"wpforms-page-indicator-page-title-sep\" style=\"display:none;\"> &#8211; <\/span><span class=\"wpforms-page-indicator-steps\">Step <span class=\"wpforms-page-indicator-steps-current\">1<\/span> of 2<\/span><div class=\"wpforms-page-indicator-page-progress-wrap\"><div class=\"wpforms-page-indicator-page-progress\" style=\"width:50%;background-color:#066aab\"><\/div><\/div><\/div><div class=\"wpforms-field-container\"><div class=\"wpforms-page wpforms-page-1 \" data-page=\"1\"><div id=\"wpforms-15550-field_12-container\" class=\"wpforms-field wpforms-field-pagebreak\" data-field-id=\"12\"><\/div><div id=\"wpforms-15550-field_6-container\" class=\"wpforms-field wpforms-field-hidden\" data-field-id=\"6\"><input type=\"hidden\" id=\"wpforms-15550-field_6\" name=\"wpforms[fields][6]\" value=\"30\/04\/2026\"><\/div><div id=\"wpforms-15550-field_7-container\" class=\"wpforms-field wpforms-field-hidden\" data-field-id=\"7\"><input type=\"hidden\" id=\"wpforms-15550-field_7\" name=\"wpforms[fields][7]\" value=\"216.73.216.212\"><\/div><div id=\"wpforms-15550-field_1-container\" class=\"wpforms-field wpforms-field-name\" data-field-id=\"1\"><fieldset><legend class=\"wpforms-field-label\">Votre pr\u00e9nom et votre nom <span class=\"wpforms-required-label\" aria-hidden=\"true\">*<\/span><\/legend><div class=\"wpforms-field-row wpforms-field-medium\"><div class=\"wpforms-field-row-block wpforms-first wpforms-one-half\"><input type=\"text\" id=\"wpforms-15550-field_1\" class=\"wpforms-field-name-first wpforms-field-required\" name=\"wpforms[fields][1][first]\" aria-errormessage=\"wpforms-15550-field_1-error\" required><label for=\"wpforms-15550-field_1\" class=\"wpforms-field-sublabel after\">Pr\u00e9nom<\/label><\/div><div class=\"wpforms-field-row-block wpforms-one-half\"><input type=\"text\" id=\"wpforms-15550-field_1-last\" class=\"wpforms-field-name-last wpforms-field-required\" name=\"wpforms[fields][1][last]\" aria-errormessage=\"wpforms-15550-field_1-last-error\" required><label for=\"wpforms-15550-field_1-last\" class=\"wpforms-field-sublabel after\">Nom<\/label><\/div><\/div><\/fieldset><\/div><div id=\"wpforms-15550-field_2-container\" class=\"wpforms-field wpforms-field-email\" data-field-id=\"2\"><label class=\"wpforms-field-label\" for=\"wpforms-15550-field_2\">Votre adresse e-mail <span class=\"wpforms-required-label\" aria-hidden=\"true\">*<\/span><\/label><input type=\"email\" id=\"wpforms-15550-field_2\" class=\"wpforms-field-medium wpforms-field-required\" data-rule-restricted-email=\"1\" name=\"wpforms[fields][2]\" spellcheck=\"false\" aria-errormessage=\"wpforms-15550-field_2-error\" required><\/div><div id=\"wpforms-15550-field_8-container\" class=\"wpforms-field wpforms-field-address\" data-field-id=\"8\"><fieldset><legend class=\"wpforms-field-label\">Mon lieu de r\u00e9sidence <span class=\"wpforms-required-label\" aria-hidden=\"true\">*<\/span><\/legend><div class=\"wpforms-field-row wpforms-field-medium\"><div ><input type=\"text\" id=\"wpforms-15550-field_8\" class=\"wpforms-field-address-address1 wpforms-field-required\" name=\"wpforms[fields][8][address1]\" aria-errormessage=\"wpforms-15550-field_8-error\" required><label for=\"wpforms-15550-field_8\" class=\"wpforms-field-sublabel after\">Adresse ligne\u00a01<\/label><\/div><\/div><div class=\"wpforms-field-row wpforms-field-medium\"><div class=\"wpforms-field-row-block wpforms-one-half wpforms-first\"><input type=\"text\" id=\"wpforms-15550-field_8-city\" class=\"wpforms-field-address-city wpforms-field-required\" name=\"wpforms[fields][8][city]\" aria-errormessage=\"wpforms-15550-field_8-city-error\" required><label for=\"wpforms-15550-field_8-city\" class=\"wpforms-field-sublabel after\">Ville<\/label><\/div><div class=\"wpforms-field-row-block wpforms-one-half\"><input type=\"text\" id=\"wpforms-15550-field_8-state\" class=\"wpforms-field-address-state wpforms-field-required\" name=\"wpforms[fields][8][state]\" aria-errormessage=\"wpforms-15550-field_8-state-error\" required><label for=\"wpforms-15550-field_8-state\" class=\"wpforms-field-sublabel after\">\u00c9tat \/ Province \/ R\u00e9gion<\/label><\/div><\/div><\/fieldset><\/div><div id=\"wpforms-15550-field_9-container\" class=\"wpforms-field wpforms-field-select wpforms-conditional-trigger wpforms-field-select-style-classic\" data-field-id=\"9\"><label class=\"wpforms-field-label\" for=\"wpforms-15550-field_9\">Sujet principal <span class=\"wpforms-required-label\" aria-hidden=\"true\">*<\/span><\/label><select id=\"wpforms-15550-field_9\" class=\"wpforms-field-medium wpforms-field-required\" name=\"wpforms[fields][9]\" required=\"required\"><option value=\"&gt;&gt;&gt; choisir dans la liste\"  class=\"choice-8 depth-1\"  >&gt;&gt;&gt; choisir dans la liste<\/option><option value=\"Renseignements administratifs\"  class=\"choice-1 depth-1\"  >Renseignements administratifs<\/option><option value=\"Les Statuts\"  class=\"choice-2 depth-1\"  >Les Statuts<\/option><option value=\"Le ROI\"  class=\"choice-3 depth-1\"  >Le ROI<\/option><option value=\"Devenir membre du Cercle\"  class=\"choice-4 depth-1\"  >Devenir membre du Cercle<\/option><option value=\"Informations r\u00e9unions\"  class=\"choice-5 depth-1\"  >Informations r\u00e9unions<\/option><option value=\"Informations activit\u00e9s\"  class=\"choice-6 depth-1\"  >Informations activit\u00e9s<\/option><option value=\"Autres\"  class=\"choice-7 depth-1\"  >Autres<\/option><\/select><\/div><div id=\"wpforms-15550-field_3-container\" class=\"wpforms-field wpforms-field-text wpforms-conditional-field wpforms-conditional-show\" data-field-id=\"3\" style=\"display:none;\"><label class=\"wpforms-field-label\" for=\"wpforms-15550-field_3\">Objet de la demande <span class=\"wpforms-required-label\" aria-hidden=\"true\">*<\/span><\/label><input type=\"text\" id=\"wpforms-15550-field_3\" class=\"wpforms-field-medium wpforms-field-required wpforms-limit-characters-enabled\" data-form-id=\"15550\" data-field-id=\"3\" data-text-limit=\"128\" name=\"wpforms[fields][3]\" aria-errormessage=\"wpforms-15550-field_3-error\" maxlength=\"128\" required><\/div><div id=\"wpforms-15550-field_4-container\" class=\"wpforms-field wpforms-field-textarea wpforms-conditional-field wpforms-conditional-show\" data-field-id=\"4\" style=\"display:none;\"><label class=\"wpforms-field-label\" for=\"wpforms-15550-field_4\">Votre message <span class=\"wpforms-required-label\" aria-hidden=\"true\">*<\/span><\/label><textarea id=\"wpforms-15550-field_4\" class=\"wpforms-field-medium wpforms-field-required\" name=\"wpforms[fields][4]\" aria-errormessage=\"wpforms-15550-field_4-error\" required><\/textarea><\/div><div id=\"wpforms-15550-field_10-container\" class=\"wpforms-field wpforms-field-captcha\" data-field-id=\"10\"><label class=\"wpforms-field-label\" for=\"wpforms-15550-field_10\">Un petit test, rien que pour vous &#8230; <span class=\"wpforms-required-label\" aria-hidden=\"true\">*<\/span><\/label>\t\t\t<div class=\"wpforms-captcha-math\">\n\t\t\t\t<span id=\"wpforms-15550-field_10-question\" class=\"wpforms-captcha-equation\">\n\t\t\t\t\t<span class=\"n1\">3<\/span>\n\t\t\t\t\t\t\t<span class=\"cal\">*<\/span>\n\t\t\t\t\t\t\t<span class=\"n2\">10<\/span>\t\t\t\t\t<span class=\"e\">=<\/span>\n\t\t\t\t<\/span>\n\t\t\t\t<input type=\"text\" id=\"wpforms-15550-field_10\" class=\"wpforms-field-medium wpforms-field-required a\" data-rule-wpf-captcha=\"math\" data-is-wrapped-field=\"1\" name=\"wpforms[fields][10][a]\" aria-errormessage=\"wpforms-15550-field_10-error\" aria-describedby=\"wpforms-15550-field_10-question\" required>\t\t\t\t<input type=\"hidden\" name=\"wpforms[fields][10][cal]\" class=\"cal\">\n\t\t\t\t<input type=\"hidden\" name=\"wpforms[fields][10][n2]\" class=\"n2\">\n\t\t\t\t<input type=\"hidden\" name=\"wpforms[fields][10][n1]\" class=\"n1\">\n\t\t\t<\/div>\n\t\t\t<\/div><div id=\"wpforms-15550-field_5-container\" class=\"wpforms-field wpforms-field-gdpr-checkbox wpforms-conditional-field wpforms-conditional-show\" data-field-id=\"5\" style=\"display:none;\"><label class=\"wpforms-field-label\">Accord RGPD <span class=\"wpforms-required-label\" aria-hidden=\"true\">*<\/span><\/label><ul id=\"wpforms-15550-field_5\" class=\"wpforms-field-required\"><li class=\"choice-1\"><input type=\"checkbox\" id=\"wpforms-15550-field_5_1\" name=\"wpforms[fields][5][]\" value=\"Je consens \u00e0 ce que ce site stocke mes informations envoy\u00e9es afin qu\u2019ils puissent r\u00e9pondre \u00e0 ma requ\u00eate.\" aria-errormessage=\"wpforms-15550-field_5_1-error\" required ><label class=\"wpforms-field-label-inline\" for=\"wpforms-15550-field_5_1\">Je consens \u00e0 ce que ce site stocke mes informations envoy\u00e9es afin qu\u2019ils puissent r\u00e9pondre \u00e0 ma requ\u00eate.<\/label><\/li><\/ul><\/div><div id=\"wpforms-15550-field_11-container\" class=\"wpforms-field wpforms-field-pagebreak\" data-field-id=\"11\"><div class=\"wpforms-clear wpforms-pagebreak-left\"><button class=\"wpforms-page-button wpforms-page-next wpforms-disabled\"\n\t\t\t\t\tdata-action=\"next\" data-page=\"1\" data-formid=\"15550\" aria-disabled=\"true\" aria-describedby=\"wpforms-error-noscript\">Suivant<\/button><\/div><\/div><\/div><div class=\"wpforms-page wpforms-page-2 last \" data-page=\"2\" style=\"display:none;\"><div id=\"wpforms-15550-field_14-container\" class=\"wpforms-field wpforms-field-entry-preview\" data-field-id=\"14\"><div class=\"wpforms-entry-preview-updating-message\">Mise \u00e0 jour de l\u2019aper\u00e7u\u2026<\/div><div class=\"wpforms-entry-preview-notice\" style=\"display: none;\"><strong>Ceci est un aper\u00e7u de votre envoi. Il n\u2019a pas encore \u00e9t\u00e9 envoy\u00e9\u00a0!<\/strong><br \/>\nVeuillez prendre un moment pour v\u00e9rifier vos informations. Vous pouvez \u00e9galement revenir en arri\u00e8re pour y apporter des modifications.<\/div><div class=\"wpforms-entry-preview-wrapper\" style=\"display: none;\"><\/div><\/div><div id=\"wpforms-15550-field_13-container\" class=\"wpforms-field wpforms-field-pagebreak\" data-field-id=\"13\"><div class=\"wpforms-clear wpforms-pagebreak-left\"><button class=\"wpforms-page-button wpforms-page-prev wpforms-disabled\"\n\t\t\t\t\tdata-action=\"prev\" data-page=\"2\" data-formid=\"15550\" aria-disabled=\"true\" aria-describedby=\"wpforms-error-noscript\">Pr\u00e9c\u00e9dent<\/button><\/div><\/div><\/div><\/div><!-- .wpforms-field-container --><div class=\"wpforms-field wpforms-field-hp\"><label for=\"wpforms-15550-field-hp\" class=\"wpforms-field-label\">Message<\/label><input type=\"text\" name=\"wpforms[hp]\" id=\"wpforms-15550-field-hp\" class=\"wpforms-field-medium\"><\/div><div class=\"wpforms-submit-container\" style=\"display:none;\"><input type=\"hidden\" name=\"wpforms[id]\" value=\"15550\"><input type=\"hidden\" name=\"page_title\" value=\"\"><input type=\"hidden\" name=\"page_url\" value=\"https:\/\/crpc-asbl.be\/copie-crpc-activites\/wp-json\/wp\/v2\/pages\/15579\"><input type=\"hidden\" name=\"url_referer\" value=\"\"><button type=\"submit\" name=\"wpforms[submit]\" id=\"wpforms-submit-15550\" class=\"wpforms-submit\" data-alt-text=\"Sending\" data-submit-text=\"Envoi du message\" aria-live=\"assertive\" value=\"wpforms-submit\">Envoi du message<\/button><\/div><\/form><\/div>  <!-- .wpforms-container --><\/p>\t\t\t\t\t\t\t\t<\/div>\n\t\t\t\t<\/div>\n\t\t\t\t\t<\/div>\n\t\t<\/div>\n\t\t\t\t\t<\/div>\n\t\t<\/section>\n\t\t\t\t<\/div>\n\t\t","protected":false},"excerpt":{"rendered":"<p>\u00a0 Merci de compl\u00e9ter le formulaire ci-dessous pour toutes demandes d&rsquo;informations g\u00e9n\u00e9rales. En ce qui concerne l&rsquo;asbl, avez-vous pris connaissance des \u00ab\u00a0Informations Pratiques\u00a0\u00bb ? Si vous souhaitez nous rejoindre, merci d&rsquo;utiliser de pr\u00e9f\u00e9rence le \u00ab\u00a0Formulaire d&rsquo;Inscription\u00a0\u00bb. Formulaire de contact \u00a0<\/p>\n","protected":false},"author":1,"featured_media":0,"parent":318,"menu_order":0,"comment_status":"closed","ping_status":"open","template":"elementor_header_footer","meta":{"_et_pb_use_builder":"","_et_pb_old_content":"","_et_gb_content_width":"","_eb_attr":"","footnotes":""},"class_list":["post-15579","page","type-page","status-publish","hentry"],"_links":{"self":[{"href":"https:\/\/crpc-asbl.be\/copie-crpc-activites\/wp-json\/wp\/v2\/pages\/15579","targetHints":{"allow":["GET"]}}],"collection":[{"href":"https:\/\/crpc-asbl.be\/copie-crpc-activites\/wp-json\/wp\/v2\/pages"}],"about":[{"href":"https:\/\/crpc-asbl.be\/copie-crpc-activites\/wp-json\/wp\/v2\/types\/page"}],"author":[{"embeddable":true,"href":"https:\/\/crpc-asbl.be\/copie-crpc-activites\/wp-json\/wp\/v2\/users\/1"}],"replies":[{"embeddable":true,"href":"https:\/\/crpc-asbl.be\/copie-crpc-activites\/wp-json\/wp\/v2\/comments?post=15579"}],"version-history":[{"count":1,"href":"https:\/\/crpc-asbl.be\/copie-crpc-activites\/wp-json\/wp\/v2\/pages\/15579\/revisions"}],"predecessor-version":[{"id":22106,"href":"https:\/\/crpc-asbl.be\/copie-crpc-activites\/wp-json\/wp\/v2\/pages\/15579\/revisions\/22106"}],"up":[{"embeddable":true,"href":"https:\/\/crpc-asbl.be\/copie-crpc-activites\/wp-json\/wp\/v2\/pages\/318"}],"wp:attachment":[{"href":"https:\/\/crpc-asbl.be\/copie-crpc-activites\/wp-json\/wp\/v2\/media?parent=15579"}],"curies":[{"name":"wp","href":"https:\/\/api.w.org\/{rel}","templated":true}]}}