{"id":283,"date":"2024-03-14T16:52:01","date_gmt":"2024-03-14T15:52:01","guid":{"rendered":"https:\/\/crpc-asbl.be\/activites\/?page_id=283"},"modified":"2024-11-19T09:15:25","modified_gmt":"2024-11-19T08:15:25","slug":"informations-pratiques","status":"publish","type":"page","link":"https:\/\/crpc-asbl.be\/activites\/vers-le-bicentenaire\/informations-pratiques\/","title":{"rendered":"Informations pratiques"},"content":{"rendered":"\t\t<div data-elementor-type=\"wp-page\" data-elementor-id=\"283\" class=\"elementor elementor-283\">\n\t\t\t\t<div class=\"elementor-element elementor-element-5a9646b9 e-flex e-con-boxed e-con e-parent\" data-id=\"5a9646b9\" data-element_type=\"container\" data-e-type=\"container\">\n\t\t\t\t\t<div class=\"e-con-inner\">\n\t\t\t\t<div class=\"elementor-element elementor-element-12b181f9 elementor-widget elementor-widget-text-editor\" data-id=\"12b181f9\" data-element_type=\"widget\" data-e-type=\"widget\" data-widget_type=\"text-editor.default\">\n\t\t\t\t<div class=\"elementor-widget-container\">\n\t\t\t\t\t\t\t\t\t\t\t\t\t\t\t\t\t<\/div>\n\t\t\t\t<\/div>\n\t\t\t\t\t<\/div>\n\t\t\t\t<\/div>\n\t\t\t\t<section class=\"elementor-section elementor-top-section elementor-element elementor-element-3b8a3903 elementor-section-boxed elementor-section-height-default elementor-section-height-default\" data-id=\"3b8a3903\" data-element_type=\"section\" data-e-type=\"section\" data-settings=\"{&quot;background_background&quot;:&quot;classic&quot;}\">\n\t\t\t\t\t\t<div class=\"elementor-container elementor-column-gap-default\">\n\t\t\t\t\t<div class=\"elementor-column elementor-col-100 elementor-top-column elementor-element elementor-element-50e540a1\" data-id=\"50e540a1\" data-element_type=\"column\" data-e-type=\"column\">\n\t\t\t<div class=\"elementor-widget-wrap elementor-element-populated\">\n\t\t\t\t\t\t<div class=\"elementor-element elementor-element-4fb718d8 elementor-widget elementor-widget-heading\" data-id=\"4fb718d8\" data-element_type=\"widget\" data-e-type=\"widget\" data-widget_type=\"heading.default\">\n\t\t\t\t<div class=\"elementor-widget-container\">\n\t\t\t\t\t<h2 class=\"elementor-heading-title elementor-size-default\">Vous souhaitez nous rejoindre ? ...<\/h2>\t\t\t\t<\/div>\n\t\t\t\t<\/div>\n\t\t\t\t<div class=\"elementor-element elementor-element-d0bba07 elementor-widget elementor-widget-image\" data-id=\"d0bba07\" data-element_type=\"widget\" data-e-type=\"widget\" data-widget_type=\"image.default\">\n\t\t\t\t<div class=\"elementor-widget-container\">\n\t\t\t\t\t\t\t\t\t\t\t\t\t\t\t<img decoding=\"async\" width=\"300\" height=\"116\" src=\"https:\/\/crpc-asbl.be\/activites\/wp-content\/uploads\/2024\/03\/kisspng-photography-silhouette-photographer-black-hand-painted-photographer-5a83e6e4029150.7084953115185937640105-e1631181687311-300x116.png\" class=\"attachment-medium size-medium wp-image-285\" alt=\"\" srcset=\"https:\/\/crpc-asbl.be\/activites\/wp-content\/uploads\/2024\/03\/kisspng-photography-silhouette-photographer-black-hand-painted-photographer-5a83e6e4029150.7084953115185937640105-e1631181687311-300x116.png 300w, https:\/\/crpc-asbl.be\/activites\/wp-content\/uploads\/2024\/03\/kisspng-photography-silhouette-photographer-black-hand-painted-photographer-5a83e6e4029150.7084953115185937640105-e1631181687311.png 387w\" sizes=\"(max-width: 300px) 100vw, 300px\" \/>\t\t\t\t\t\t\t\t\t\t\t\t\t\t\t<\/div>\n\t\t\t\t<\/div>\n\t\t\t\t<div class=\"elementor-element elementor-element-40785e5e elementor-widget elementor-widget-text-editor\" data-id=\"40785e5e\" data-element_type=\"widget\" data-e-type=\"widget\" data-widget_type=\"text-editor.default\">\n\t\t\t\t<div class=\"elementor-widget-container\">\n\t\t\t\t\t\t\t\t\t<p><span style=\"font-family: verdana, geneva, sans-serif; font-size: 12pt;\">\u00a0<\/span><\/p>\n<p><span style=\"font-family: verdana, geneva, sans-serif; font-size: 12pt;\">Pour devenir membre, il suffit de remplir le &gt;&gt;&gt; <\/span><strong style=\"font-family: verdana, geneva, sans-serif; font-size: 12pt;\"><span style=\"color: #00ccff;\"><a style=\"color: #00ccff;\" href=\"https:\/\/crpc-asbl.be\/activites\/vers-le-bicentenaire\/elementor-15587\/\">formulaire d&rsquo;inscription<\/a><\/span><\/strong><span style=\"font-family: verdana, geneva, sans-serif; font-size: 12pt;\"><strong> &lt;&lt;&lt;<\/strong><br \/><\/span><span style=\"font-family: verdana, geneva, sans-serif; font-size: 12pt;\">et de verser la cotisation\u00a0<\/span><span style=\"font-family: verdana, geneva, sans-serif; font-size: 12pt;\">annuelle de 50,00 euros sur le compte de l&rsquo;asbl BE09 3632 1611 7757 ou de 25,00 euros si inscription apr\u00e8s le 01 juillet de l&rsquo;ann\u00e9e en cours.\u00a0La cotisation est due pour l&rsquo;ann\u00e9e en cours.\u00a0<br \/><\/span><span style=\"font-family: verdana, geneva, sans-serif; font-size: 12pt;\">La validit\u00e9 de l&rsquo;inscription est examin\u00e9e par le Conseil d&rsquo;Administration.<\/span><\/p>\t\t\t\t\t\t\t\t<\/div>\n\t\t\t\t<\/div>\n\t\t\t\t<div class=\"elementor-element elementor-element-530f9360 elementor-widget elementor-widget-text-editor\" data-id=\"530f9360\" data-element_type=\"widget\" data-e-type=\"widget\" data-widget_type=\"text-editor.default\">\n\t\t\t\t<div class=\"elementor-widget-container\">\n\t\t\t\t\t\t\t\t\t<p style=\"text-align: center;\"><span style=\"text-decoration: underline;\"><span style=\"font-family: verdana, geneva, sans-serif;\"><strong>S<\/strong>auf activit\u00e9s externes ou autres \u00e9v\u00e8nements,<br \/><\/span><span style=\"font-family: verdana, geneva, sans-serif;\">nos r\u00e9unions se d\u00e9roulent g\u00e9n\u00e9ralement dans notre local les mardis de 18h00 \u00e0 20h00.<br \/><strong>L<\/strong>es changements de lieux ou d&rsquo;organisation sont notifi\u00e9s sur la page \u00ab\u00a0<a href=\"https:\/\/www.crpc.be\/crpc_wp\/accueil-activites\/\">Nos Activit\u00e9s<\/a>\u00ab\u00a0<\/span><\/span><\/p>\n<p style=\"text-align: center;\"><span style=\"text-decoration: underline;\"><span style=\"font-family: verdana, geneva, sans-serif;\"><strong>S<\/strong>i vous souhaitez nous rendre visite, il est souhaitable de vous annoncer via ce <\/span><span style=\"font-family: verdana, geneva, sans-serif;\"><strong><a href=\"https:\/\/crpc-asbl.be\/activites\/vers-le-bicentenaire\/nos-activites\/elementor-15579\/\" target=\"_blank\" rel=\"noopener\">formulaire<\/a><a href=\"https:\/\/crpc-asbl.be\/activites\/vers-le-bicentenaire\/nos-activites\/elementor-15579\/\" target=\"_blank\" rel=\"noopener\"><img decoding=\"async\" class=\"alignnone wp-image-15417 size-full\" src=\"https:\/\/crpc-asbl.be\/activites\/wp-content\/uploads\/2024\/03\/mail.png\" alt=\"\" width=\"32\" height=\"32\" \/><\/a><\/strong>merci<\/span><\/span><\/p>\t\t\t\t\t\t\t\t<\/div>\n\t\t\t\t<\/div>\n\t\t\t\t<section class=\"elementor-section elementor-inner-section elementor-element elementor-element-7d8979d7 elementor-section-boxed elementor-section-height-default elementor-section-height-default\" data-id=\"7d8979d7\" data-element_type=\"section\" data-e-type=\"section\">\n\t\t\t\t\t\t<div class=\"elementor-container elementor-column-gap-default\">\n\t\t\t\t\t<div class=\"elementor-column elementor-col-50 elementor-inner-column elementor-element elementor-element-4a26011d\" data-id=\"4a26011d\" data-element_type=\"column\" data-e-type=\"column\">\n\t\t\t<div class=\"elementor-widget-wrap elementor-element-populated\">\n\t\t\t\t\t\t<div class=\"elementor-element elementor-element-666413c elementor-widget elementor-widget-image\" data-id=\"666413c\" data-element_type=\"widget\" data-e-type=\"widget\" data-widget_type=\"image.default\">\n\t\t\t\t<div class=\"elementor-widget-container\">\n\t\t\t\t\t\t\t\t\t\t\t\t\t\t\t\t<a href=\"https:\/\/crpc-asbl.be\/activites\/vers-le-bicentenaire\/nos-activites\/pour-acceder-au-site-de-parentville\/\">\n\t\t\t\t\t\t\t<img fetchpriority=\"high\" fetchpriority=\"high\" decoding=\"async\" width=\"300\" height=\"236\" src=\"https:\/\/crpc-asbl.be\/activites\/wp-content\/uploads\/2024\/03\/LOGO-ACCES-LOCAL-300x236.png\" class=\"elementor-animation-grow attachment-medium size-medium wp-image-15510\" alt=\"\" srcset=\"https:\/\/crpc-asbl.be\/activites\/wp-content\/uploads\/2024\/03\/LOGO-ACCES-LOCAL-300x236.png 300w, https:\/\/crpc-asbl.be\/activites\/wp-content\/uploads\/2024\/03\/LOGO-ACCES-LOCAL-768x605.png 768w, https:\/\/crpc-asbl.be\/activites\/wp-content\/uploads\/2024\/03\/LOGO-ACCES-LOCAL.png 774w\" sizes=\"(max-width: 300px) 100vw, 300px\" \/>\t\t\t\t\t\t\t\t<\/a>\n\t\t\t\t\t\t\t\t\t\t\t\t\t\t\t<\/div>\n\t\t\t\t<\/div>\n\t\t\t\t\t<\/div>\n\t\t<\/div>\n\t\t\t\t<div class=\"elementor-column elementor-col-50 elementor-inner-column elementor-element elementor-element-368bd86c\" data-id=\"368bd86c\" data-element_type=\"column\" data-e-type=\"column\">\n\t\t\t<div class=\"elementor-widget-wrap elementor-element-populated\">\n\t\t\t\t\t\t<div class=\"elementor-element elementor-element-4097d7f7 elementor-widget elementor-widget-text-editor\" data-id=\"4097d7f7\" data-element_type=\"widget\" data-e-type=\"widget\" data-widget_type=\"text-editor.default\">\n\t\t\t\t<div class=\"elementor-widget-container\">\n\t\t\t\t\t\t\t\t\t<p style=\"text-align: center;\"><strong>Sans attendre vous pouvez<\/strong><\/p>\n<p style=\"text-align: center;\"><strong><span style=\"color: #00ccff;\"><a style=\"color: #00ccff;\" href=\"https:\/\/crpc-asbl.be\/activites\/vers-le-bicentenaire\/les-membres-du-crpc-asbl\/\">faire connaissance avec nos membres<\/a><\/span><\/strong><\/p>\t\t\t\t\t\t\t\t<\/div>\n\t\t\t\t<\/div>\n\t\t\t\t<div class=\"elementor-element elementor-element-7133fc61 elementor-widget elementor-widget-image\" data-id=\"7133fc61\" data-element_type=\"widget\" data-e-type=\"widget\" data-widget_type=\"image.default\">\n\t\t\t\t<div class=\"elementor-widget-container\">\n\t\t\t\t\t\t\t\t\t\t\t\t\t\t\t\t<a href=\"https:\/\/crpc-asbl.be\/activites\/vers-le-bicentenaire\/les-membres-du-crpc-asbl\/\">\n\t\t\t\t\t\t\t<img loading=\"lazy\" loading=\"lazy\" decoding=\"async\" width=\"150\" height=\"150\" src=\"https:\/\/crpc-asbl.be\/activites\/wp-content\/uploads\/2024\/03\/transparent-social-group-people-sharing-collaboration-communit-5d65bbc4630219.9816469815669482924055-150x150.png\" class=\"elementor-animation-grow attachment-thumbnail size-thumbnail wp-image-187\" alt=\"\" srcset=\"https:\/\/crpc-asbl.be\/activites\/wp-content\/uploads\/2024\/03\/transparent-social-group-people-sharing-collaboration-communit-5d65bbc4630219.9816469815669482924055-150x150.png 150w, https:\/\/crpc-asbl.be\/activites\/wp-content\/uploads\/2024\/03\/transparent-social-group-people-sharing-collaboration-communit-5d65bbc4630219.9816469815669482924055-440x440.png 440w\" sizes=\"(max-width: 150px) 100vw, 150px\" \/>\t\t\t\t\t\t\t\t<\/a>\n\t\t\t\t\t\t\t\t\t\t\t\t\t\t\t<\/div>\n\t\t\t\t<\/div>\n\t\t\t\t\t<\/div>\n\t\t<\/div>\n\t\t\t\t\t<\/div>\n\t\t<\/section>\n\t\t\t\t<div class=\"elementor-element elementor-element-ffd7418 elementor-widget elementor-widget-text-editor\" data-id=\"ffd7418\" data-element_type=\"widget\" data-e-type=\"widget\" data-widget_type=\"text-editor.default\">\n\t\t\t\t<div class=\"elementor-widget-container\">\n\t\t\t\t\t\t\t\t\t<p style=\"text-align: center;\"><span style=\"font-family: verdana, geneva, sans-serif;\"><em><strong>ATTENTION : Si vous \u00eates souffrant, les r\u00e8gles sanitaires doivent toujours \u00eatre respect\u00e9es ! Merci<\/strong><\/em><\/span><\/p>\t\t\t\t\t\t\t\t<\/div>\n\t\t\t\t<\/div>\n\t\t\t\t<section class=\"elementor-section elementor-inner-section elementor-element elementor-element-1990489a elementor-section-boxed elementor-section-height-default elementor-section-height-default\" data-id=\"1990489a\" data-element_type=\"section\" data-e-type=\"section\">\n\t\t\t\t\t\t<div class=\"elementor-container elementor-column-gap-default\">\n\t\t\t\t\t<div class=\"elementor-column elementor-col-25 elementor-inner-column elementor-element elementor-element-1524e8bc\" data-id=\"1524e8bc\" data-element_type=\"column\" data-e-type=\"column\">\n\t\t\t<div class=\"elementor-widget-wrap elementor-element-populated\">\n\t\t\t\t\t\t<div class=\"elementor-element elementor-element-7de34553 elementor-widget elementor-widget-image\" data-id=\"7de34553\" data-element_type=\"widget\" data-e-type=\"widget\" data-widget_type=\"image.default\">\n\t\t\t\t<div class=\"elementor-widget-container\">\n\t\t\t\t\t\t\t\t\t\t\t\t\t\t\t\t<a href=\"https:\/\/www.info-coronavirus.be\/fr\/\" target=\"_blank\" rel=\"nofollow\">\n\t\t\t\t\t\t\t<img loading=\"lazy\" loading=\"lazy\" decoding=\"async\" width=\"80\" height=\"80\" src=\"https:\/\/crpc-asbl.be\/activites\/wp-content\/uploads\/2024\/03\/covid19-masque-00-e1601031333309.png\" class=\"attachment-large size-large wp-image-286\" alt=\"\" \/>\t\t\t\t\t\t\t\t<\/a>\n\t\t\t\t\t\t\t\t\t\t\t\t\t\t\t<\/div>\n\t\t\t\t<\/div>\n\t\t\t\t\t<\/div>\n\t\t<\/div>\n\t\t\t\t<div class=\"elementor-column elementor-col-25 elementor-inner-column elementor-element elementor-element-e54fa7c\" data-id=\"e54fa7c\" data-element_type=\"column\" data-e-type=\"column\">\n\t\t\t<div class=\"elementor-widget-wrap elementor-element-populated\">\n\t\t\t\t\t\t<div class=\"elementor-element elementor-element-6e578d73 elementor-widget elementor-widget-image\" data-id=\"6e578d73\" data-element_type=\"widget\" data-e-type=\"widget\" data-widget_type=\"image.default\">\n\t\t\t\t<div class=\"elementor-widget-container\">\n\t\t\t\t\t\t\t\t\t\t\t\t\t\t\t\t<a href=\"https:\/\/www.info-coronavirus.be\/fr\/\" target=\"_blank\" rel=\"nofollow\">\n\t\t\t\t\t\t\t<img loading=\"lazy\" loading=\"lazy\" decoding=\"async\" width=\"80\" height=\"80\" src=\"https:\/\/crpc-asbl.be\/activites\/wp-content\/uploads\/2024\/03\/covid19-lavage-mains-gel-e1601031379197.png\" class=\"attachment-large size-large wp-image-287\" alt=\"\" \/>\t\t\t\t\t\t\t\t<\/a>\n\t\t\t\t\t\t\t\t\t\t\t\t\t\t\t<\/div>\n\t\t\t\t<\/div>\n\t\t\t\t\t<\/div>\n\t\t<\/div>\n\t\t\t\t<div class=\"elementor-column elementor-col-25 elementor-inner-column elementor-element elementor-element-c8212ec\" data-id=\"c8212ec\" data-element_type=\"column\" data-e-type=\"column\">\n\t\t\t<div class=\"elementor-widget-wrap elementor-element-populated\">\n\t\t\t\t\t\t<div class=\"elementor-element elementor-element-45a3cf06 elementor-widget elementor-widget-image\" data-id=\"45a3cf06\" data-element_type=\"widget\" data-e-type=\"widget\" data-widget_type=\"image.default\">\n\t\t\t\t<div class=\"elementor-widget-container\">\n\t\t\t\t\t\t\t\t\t\t\t\t\t\t\t\t<a href=\"https:\/\/www.info-coronavirus.be\/fr\/\" target=\"_blank\" rel=\"nofollow\">\n\t\t\t\t\t\t\t<img loading=\"lazy\" loading=\"lazy\" decoding=\"async\" width=\"80\" height=\"80\" src=\"https:\/\/crpc-asbl.be\/activites\/wp-content\/uploads\/2024\/03\/covid19-distanciation-01-e1601031407396.png\" class=\"attachment-large size-large wp-image-288\" alt=\"\" \/>\t\t\t\t\t\t\t\t<\/a>\n\t\t\t\t\t\t\t\t\t\t\t\t\t\t\t<\/div>\n\t\t\t\t<\/div>\n\t\t\t\t\t<\/div>\n\t\t<\/div>\n\t\t\t\t<div class=\"elementor-column elementor-col-25 elementor-inner-column elementor-element elementor-element-4ae0a9a8\" data-id=\"4ae0a9a8\" data-element_type=\"column\" data-e-type=\"column\">\n\t\t\t<div class=\"elementor-widget-wrap elementor-element-populated\">\n\t\t\t\t\t\t<div class=\"elementor-element elementor-element-6c592a90 elementor-widget elementor-widget-image\" data-id=\"6c592a90\" data-element_type=\"widget\" data-e-type=\"widget\" data-widget_type=\"image.default\">\n\t\t\t\t<div class=\"elementor-widget-container\">\n\t\t\t\t\t\t\t\t\t\t\t\t\t\t\t<img loading=\"lazy\" loading=\"lazy\" decoding=\"async\" width=\"80\" height=\"80\" src=\"https:\/\/crpc-asbl.be\/activites\/wp-content\/uploads\/2024\/03\/covid19-circulation-e1601031433192.png\" class=\"attachment-large size-large wp-image-289\" alt=\"\" \/>\t\t\t\t\t\t\t\t\t\t\t\t\t\t\t<\/div>\n\t\t\t\t<\/div>\n\t\t\t\t\t<\/div>\n\t\t<\/div>\n\t\t\t\t\t<\/div>\n\t\t<\/section>\n\t\t\t\t\t<\/div>\n\t\t<\/div>\n\t\t\t\t\t<\/div>\n\t\t<\/section>\n\t\t\t\t<section class=\"elementor-section elementor-top-section elementor-element elementor-element-5330328f elementor-section-boxed elementor-section-height-default elementor-section-height-default\" data-id=\"5330328f\" data-element_type=\"section\" data-e-type=\"section\">\n\t\t\t\t\t\t\t<div class=\"elementor-background-overlay\"><\/div>\n\t\t\t\t\t\t\t<div class=\"elementor-container elementor-column-gap-default\">\n\t\t\t\t\t<div class=\"elementor-column elementor-col-100 elementor-top-column elementor-element elementor-element-da1423\" data-id=\"da1423\" data-element_type=\"column\" data-e-type=\"column\" data-settings=\"{&quot;background_background&quot;:&quot;classic&quot;}\">\n\t\t\t<div class=\"elementor-widget-wrap elementor-element-populated\">\n\t\t\t\t\t<div class=\"elementor-background-overlay\"><\/div>\n\t\t\t\t\t\t<section class=\"elementor-section elementor-inner-section elementor-element elementor-element-60f5583d elementor-section-boxed elementor-section-height-default elementor-section-height-default\" data-id=\"60f5583d\" data-element_type=\"section\" data-e-type=\"section\" data-settings=\"{&quot;background_background&quot;:&quot;classic&quot;}\">\n\t\t\t\t\t\t<div class=\"elementor-container elementor-column-gap-default\">\n\t\t\t\t\t<div class=\"elementor-column elementor-col-100 elementor-inner-column elementor-element elementor-element-52658254\" data-id=\"52658254\" data-element_type=\"column\" data-e-type=\"column\">\n\t\t\t<div class=\"elementor-widget-wrap elementor-element-populated\">\n\t\t\t\t\t\t<div class=\"elementor-element elementor-element-19aebdcf elementor-widget elementor-widget-heading\" data-id=\"19aebdcf\" data-element_type=\"widget\" data-e-type=\"widget\" data-widget_type=\"heading.default\">\n\t\t\t\t<div class=\"elementor-widget-container\">\n\t\t\t\t\t<h3 class=\"elementor-heading-title elementor-size-default\">S'inscrire \u00e0 la lettre d'informations<\/h3>\t\t\t\t<\/div>\n\t\t\t\t<\/div>\n\t\t\t\t<div class=\"elementor-element elementor-element-e609a48 elementor-widget elementor-widget-wp-widget-newsletterwidget\" data-id=\"e609a48\" data-element_type=\"widget\" data-e-type=\"widget\" data-widget_type=\"wp-widget-newsletterwidget.default\">\n\t\t\t\t<div class=\"elementor-widget-container\">\n\t\t\t\t\t<div class=\"tnp tnp-subscription tnp-widget\">\n<form method=\"post\" action=\"https:\/\/crpc-asbl.be\/activites\/wp-admin\/admin-ajax.php?action=tnp&amp;na=s\">\n<input type=\"hidden\" name=\"nr\" value=\"widget\">\n<input type=\"hidden\" name=\"nlang\" value=\"\">\n<div class=\"tnp-field tnp-field-firstname\"><label for=\"tnp-1\">Pr\u00e9nom<\/label>\n<input class=\"tnp-name\" type=\"text\" name=\"nn\" id=\"tnp-1\" value=\"\" placeholder=\"\" required><\/div>\n<div class=\"tnp-field tnp-field-surname\"><label for=\"tnp-2\">Nom de famille<\/label>\n<input class=\"tnp-surname\" type=\"text\" name=\"ns\" id=\"tnp-2\" value=\"\" placeholder=\"\" required><\/div><div class=\"tnp-field tnp-field-email\"><label for=\"tnp-3\">E-mail<\/label>\n<input class=\"tnp-email\" type=\"email\" name=\"ne\" id=\"tnp-3\" value=\"\" placeholder=\"\" required><\/div>\n<div class=\"tnp-field tnp-field-gender\"><label for=\"tnp-4\">Je suis<\/label>\n<select name=\"nx\" class=\"tnp-gender\" id=\"tnp-gender\"><option value=\"n\">Non sp\u00e9cifi\u00e9<\/option><option value=\"f\">Femme<\/option><option value=\"m\">Homme<\/option><\/select><\/div>\n<div class=\"tnp-field tnp-field-profile\"><label for=\"tnp-5\">Adresse<\/label>\n<input class=\"tnp-profile tnp-profile-1\" id=\"tnp-profile_1\" type=\"text\" size=\"\" name=\"np1\" placeholder=\"\"><\/div>\n<div class=\"tnp-field tnp-field-profile\"><label for=\"tnp-6\">T\u00e9l\u00e9phone \/ GSM<\/label>\n<input class=\"tnp-profile tnp-profile-2\" id=\"tnp-profile_2\" type=\"text\" size=\"\" name=\"np2\" placeholder=\"\"><\/div>\n<div class=\"tnp-field tnp-field-profile\"><label for=\"tnp-7\">Profession<\/label>\n<input class=\"tnp-profile tnp-profile-3\" id=\"tnp-profile_3\" type=\"text\" size=\"\" name=\"np3\" placeholder=\"\"><\/div>\n<div class=\"tnp-field tnp-privacy-field\"><label><input type=\"checkbox\" name=\"ny\" required class=\"tnp-privacy\"> <a target=\"_blank\" href=\"https:\/\/crpc-asbl.be\/activites\/avertissement-disclaimer\/\">J&#039;ai lu et accepte les conditions d&#039;utilisation du site<\/a><\/label><\/div><div class=\"tnp-field tnp-field-button\" style=\"text-align: left\"><input class=\"tnp-submit\" type=\"submit\" value=\"S&#039;abonner\" style=\"\">\n<\/div>\n<\/form>\n<\/div>\n\t\t\t\t<\/div>\n\t\t\t\t<\/div>\n\t\t\t\t\t<\/div>\n\t\t<\/div>\n\t\t\t\t\t<\/div>\n\t\t<\/section>\n\t\t\t\t\t<\/div>\n\t\t<\/div>\n\t\t\t\t\t<\/div>\n\t\t<\/section>\n\t\t\t\t<\/div>\n\t\t","protected":false},"excerpt":{"rendered":"<p>Vous souhaitez nous rejoindre ? &#8230; \u00a0 Pour devenir membre, il suffit de remplir le &gt;&gt;&gt; formulaire d&rsquo;inscription &lt;&lt;&lt;et de verser la cotisation\u00a0annuelle de 50,00 euros sur le compte de l&rsquo;asbl BE09 3632 1611 7757 ou de 25,00 euros si inscription apr\u00e8s le 01 juillet de l&rsquo;ann\u00e9e en cours.\u00a0La cotisation est due pour l&rsquo;ann\u00e9e en [&hellip;]<\/p>\n","protected":false},"author":1,"featured_media":0,"parent":21,"menu_order":0,"comment_status":"closed","ping_status":"open","template":"elementor_header_footer","meta":{"_et_pb_use_builder":"","_et_pb_old_content":"","_et_gb_content_width":"","_eb_attr":"","footnotes":""},"class_list":["post-283","page","type-page","status-publish","hentry"],"_links":{"self":[{"href":"https:\/\/crpc-asbl.be\/activites\/wp-json\/wp\/v2\/pages\/283","targetHints":{"allow":["GET"]}}],"collection":[{"href":"https:\/\/crpc-asbl.be\/activites\/wp-json\/wp\/v2\/pages"}],"about":[{"href":"https:\/\/crpc-asbl.be\/activites\/wp-json\/wp\/v2\/types\/page"}],"author":[{"embeddable":true,"href":"https:\/\/crpc-asbl.be\/activites\/wp-json\/wp\/v2\/users\/1"}],"replies":[{"embeddable":true,"href":"https:\/\/crpc-asbl.be\/activites\/wp-json\/wp\/v2\/comments?post=283"}],"version-history":[{"count":0,"href":"https:\/\/crpc-asbl.be\/activites\/wp-json\/wp\/v2\/pages\/283\/revisions"}],"up":[{"embeddable":true,"href":"https:\/\/crpc-asbl.be\/activites\/wp-json\/wp\/v2\/pages\/21"}],"wp:attachment":[{"href":"https:\/\/crpc-asbl.be\/activites\/wp-json\/wp\/v2\/media?parent=283"}],"curies":[{"name":"wp","href":"https:\/\/api.w.org\/{rel}","templated":true}]}}