{"id":21267,"date":"2025-04-19T21:33:57","date_gmt":"2025-04-19T19:33:57","guid":{"rendered":"https:\/\/crpc-asbl.be\/activites\/?page_id=21267"},"modified":"2025-12-06T23:38:13","modified_gmt":"2025-12-06T22:38:13","slug":"probleme-acces","status":"publish","type":"page","link":"https:\/\/crpc-asbl.be\/activites\/probleme-acces\/","title":{"rendered":"Probl\u00e8me acc\u00e8s"},"content":{"rendered":"\t\t<div data-elementor-type=\"wp-page\" data-elementor-id=\"21267\" class=\"elementor elementor-21267\">\n\t\t\t\t<div class=\"elementor-element elementor-element-9602c25 e-flex e-con-boxed e-con e-parent\" data-id=\"9602c25\" data-element_type=\"container\" data-e-type=\"container\">\n\t\t\t\t\t<div class=\"e-con-inner\">\n\t\t\t\t<div class=\"elementor-element elementor-element-43a8d6f3 elementor-widget elementor-widget-text-editor\" data-id=\"43a8d6f3\" data-element_type=\"widget\" data-e-type=\"widget\" data-widget_type=\"text-editor.default\">\n\t\t\t\t<div class=\"elementor-widget-container\">\n\t\t\t\t\t\t\t\t\t\t\t\t\t\t\t\t\t<\/div>\n\t\t\t\t<\/div>\n\t\t\t\t\t<\/div>\n\t\t\t\t<\/div>\n\t\t<div class=\"elementor-element elementor-element-b222262 e-flex e-con-boxed e-con e-parent\" data-id=\"b222262\" data-element_type=\"container\" data-e-type=\"container\">\n\t\t\t\t\t<div class=\"e-con-inner\">\n\t\t<div class=\"elementor-element elementor-element-7bf832f e-con-full e-flex e-con e-child\" data-id=\"7bf832f\" data-element_type=\"container\" data-e-type=\"container\">\n\t\t\t\t<div class=\"elementor-element elementor-element-9ad6804 elementor-widget elementor-widget-image\" data-id=\"9ad6804\" data-element_type=\"widget\" data-e-type=\"widget\" data-widget_type=\"image.default\">\n\t\t\t\t<div class=\"elementor-widget-container\">\n\t\t\t\t\t\t\t\t\t\t\t\t\t\t\t<img decoding=\"async\" width=\"150\" height=\"150\" src=\"https:\/\/crpc-asbl.be\/activites\/wp-content\/uploads\/2024\/11\/Plan-de-travail-1-copie-91-150x150.png\" class=\"attachment-thumbnail size-thumbnail wp-image-19158\" alt=\"\" srcset=\"https:\/\/crpc-asbl.be\/activites\/wp-content\/uploads\/2024\/11\/Plan-de-travail-1-copie-91-150x150.png 150w, https:\/\/crpc-asbl.be\/activites\/wp-content\/uploads\/2024\/11\/Plan-de-travail-1-copie-91.png 300w\" sizes=\"(max-width: 150px) 100vw, 150px\" \/>\t\t\t\t\t\t\t\t\t\t\t\t\t\t\t<\/div>\n\t\t\t\t<\/div>\n\t\t\t\t<\/div>\n\t\t<div class=\"elementor-element elementor-element-9ca2bc5 e-con-full e-flex e-con e-child\" data-id=\"9ca2bc5\" data-element_type=\"container\" data-e-type=\"container\">\n\t\t\t\t<div class=\"elementor-element elementor-element-a9e8296 elementor-widget__width-initial elementor-widget elementor-widget-text-editor\" data-id=\"a9e8296\" data-element_type=\"widget\" data-e-type=\"widget\" data-widget_type=\"text-editor.default\">\n\t\t\t\t<div class=\"elementor-widget-container\">\n\t\t\t\t\t\t\t\t\t<p>Oups !!!<\/p>\t\t\t\t\t\t\t\t<\/div>\n\t\t\t\t<\/div>\n\t\t\t\t<div class=\"elementor-element elementor-element-d807371 elementor-widget elementor-widget-text-editor\" data-id=\"d807371\" data-element_type=\"widget\" data-e-type=\"widget\" data-widget_type=\"text-editor.default\">\n\t\t\t\t<div class=\"elementor-widget-container\">\n\t\t\t\t\t\t\t\t\t<p>Il y a un probl\u00e8me d&rsquo;acc\u00e8s \u00e0 la page demand\u00e9e !<br \/>=&gt; Etes-vous bien connect\u00e9 en tant que membre du CRPC ?<br \/>=&gt; Avez-vous les bonnes autorisations d&rsquo;acc\u00e8s ?<br \/>Vous pouvez laisser une remarque avant de cliquer sur le bouton de retour \u00e0 l&rsquo;accueil.<\/p>\t\t\t\t\t\t\t\t<\/div>\n\t\t\t\t<\/div>\n\t\t\t\t<\/div>\n\t\t\t\t\t<\/div>\n\t\t\t\t<\/div>\n\t\t<div class=\"elementor-element elementor-element-a0546f5 e-flex e-con-boxed e-con e-parent\" data-id=\"a0546f5\" data-element_type=\"container\" data-e-type=\"container\">\n\t\t\t\t\t<div class=\"e-con-inner\">\n\t\t<div class=\"elementor-element elementor-element-aea7f91 e-con-full e-flex e-con e-child\" data-id=\"aea7f91\" data-element_type=\"container\" data-e-type=\"container\">\n\t\t\t\t<\/div>\n\t\t<div class=\"elementor-element elementor-element-1f45fdd e-con-full e-flex e-con e-child\" data-id=\"1f45fdd\" data-element_type=\"container\" data-e-type=\"container\">\n\t\t\t\t<div class=\"elementor-element elementor-element-383b5ae elementor-widget elementor-widget-text-editor\" data-id=\"383b5ae\" data-element_type=\"widget\" data-e-type=\"widget\" data-widget_type=\"text-editor.default\">\n\t\t\t\t<div class=\"elementor-widget-container\">\n\t\t\t\t\t\t\t\t\t<p><style id=\"wpforms-css-vars-21258\">\n\t\t\t\t#wpforms-21258 {\n\t\t\t\t--wpforms-field-size-input-height: 43px;\n--wpforms-field-size-input-spacing: 15px;\n--wpforms-field-size-font-size: 16px;\n--wpforms-field-size-line-height: 19px;\n--wpforms-field-size-padding-h: 14px;\n--wpforms-field-size-checkbox-size: 16px;\n--wpforms-field-size-sublabel-spacing: 5px;\n--wpforms-field-size-icon-size: 1;\n--wpforms-label-size-font-size: 16px;\n--wpforms-label-size-line-height: 19px;\n--wpforms-label-size-sublabel-font-size: 14px;\n--wpforms-label-size-sublabel-line-height: 17px;\n--wpforms-button-size-font-size: 17px;\n--wpforms-button-size-height: 41px;\n--wpforms-button-size-padding-h: 15px;\n--wpforms-button-size-margin-top: 10px;\n--wpforms-container-shadow-size-box-shadow: none;\n\t\t\t}\n\t\t\t<\/style><div class=\"wpforms-container wpforms-container-full wpforms-render-modern\" id=\"wpforms-21258\"><form id=\"wpforms-form-21258\" class=\"wpforms-validate wpforms-form wpforms-ajax-form\" data-formid=\"21258\" method=\"post\" enctype=\"multipart\/form-data\" action=\"\/activites\/wp-json\/wp\/v2\/pages\/21267\" data-token=\"0943b10085adcdf75fbd8eb8796fdde8\" data-token-time=\"1777626973\"><noscript class=\"wpforms-error-noscript\">Veuillez activer JavaScript dans votre navigateur pour remplir ce formulaire.<\/noscript><div id=\"wpforms-error-noscript\" style=\"display: none;\">Veuillez activer JavaScript dans votre navigateur pour remplir ce formulaire.<\/div><div class=\"wpforms-field-container\"><div id=\"wpforms-21258-field_1-container\" class=\"wpforms-field wpforms-field-hidden\" data-field-id=\"1\"><input type=\"hidden\" id=\"wpforms-21258-field_1\" name=\"wpforms[fields][1]\"><\/div><div id=\"wpforms-21258-field_2-container\" class=\"wpforms-field wpforms-field-hidden\" data-field-id=\"2\"><input type=\"hidden\" id=\"wpforms-21258-field_2\" name=\"wpforms[fields][2]\" value=\"216.73.217.16\"><\/div><div id=\"wpforms-21258-field_8-container\" class=\"wpforms-field wpforms-field-hidden\" data-field-id=\"8\"><input type=\"hidden\" id=\"wpforms-21258-field_8\" name=\"wpforms[fields][8]\"><\/div><div id=\"wpforms-21258-field_10-container\" class=\"wpforms-field wpforms-field-hidden\" data-field-id=\"10\"><input type=\"hidden\" id=\"wpforms-21258-field_10\" name=\"wpforms[fields][10]\"><\/div>\t\t<div id=\"wpforms-21258-field_3-container\"\n\t\t\tclass=\"wpforms-field wpforms-field-text\"\n\t\t\tdata-field-type=\"text\"\n\t\t\tdata-field-id=\"3\"\n\t\t\t>\n\t\t\t<label class=\"wpforms-field-label\" for=\"wpforms-21258-field_3\" >entr\u00e9e remarque IP<\/label>\n\t\t\t<input type=\"text\" id=\"wpforms-21258-field_3\" class=\"wpforms-field-medium\" name=\"wpforms[fields][3]\" >\n\t\t<\/div>\n\t\t<div id=\"wpforms-21258-field_11-container\" class=\"wpforms-field wpforms-field-hidden\" data-field-id=\"11\"><input type=\"hidden\" id=\"wpforms-21258-field_11\" name=\"wpforms[fields][11]\" value=\"https:\/\/crpc-asbl.be\/activites\/wp-json\/wp\/v2\/pages\/21267\"><\/div><div id=\"wpforms-21258-field_9-container\" class=\"wpforms-field wpforms-field-hidden\" data-field-id=\"9\"><input type=\"hidden\" id=\"wpforms-21258-field_9\" name=\"wpforms[fields][9]\"><\/div><div id=\"wpforms-21258-field_5-container\" class=\"wpforms-field wpforms-field-textarea\" data-field-id=\"5\"><label class=\"wpforms-field-label\" for=\"wpforms-21258-field_5\">Une remarque ?<\/label><textarea id=\"wpforms-21258-field_5\" class=\"wpforms-field-medium\" name=\"wpforms[fields][5]\" aria-errormessage=\"wpforms-21258-field_5-error\" ><\/textarea><\/div><script>\n\t\t\t\t( function() {\n\t\t\t\t\tconst style = document.createElement( 'style' );\n\t\t\t\t\tstyle.appendChild( document.createTextNode( '#wpforms-21258-field_3-container { position: absolute !important; overflow: hidden !important; display: inline !important; height: 1px !important; width: 1px !important; z-index: -1000 !important; padding: 0 !important; } #wpforms-21258-field_3-container input { visibility: hidden; } #wpforms-conversational-form-page #wpforms-21258-field_3-container label { counter-increment: none; }' ) );\n\t\t\t\t\tdocument.head.appendChild( style );\n\t\t\t\t\tdocument.currentScript?.remove();\n\t\t\t\t} )();\n\t\t\t<\/script><\/div><!-- .wpforms-field-container --><div class=\"wpforms-submit-container\" ><input type=\"hidden\" name=\"wpforms[id]\" value=\"21258\"><input type=\"hidden\" name=\"page_title\" value=\"\"><input type=\"hidden\" name=\"page_url\" value=\"https:\/\/crpc-asbl.be\/activites\/wp-json\/wp\/v2\/pages\/21267\"><input type=\"hidden\" name=\"url_referer\" value=\"\"><button type=\"submit\" name=\"wpforms[submit]\" id=\"wpforms-submit-21258\" class=\"wpforms-submit\" data-alt-text=\"Envoi...\" data-submit-text=\"Cliquez ici pour revenir \u00e0 l&#039;accueil ...\" aria-live=\"assertive\" value=\"wpforms-submit\">Cliquez ici pour revenir \u00e0 l&#039;accueil &#8230;<\/button><img decoding=\"async\" src=\"https:\/\/crpc-asbl.be\/activites\/wp-content\/plugins\/wpforms\/assets\/images\/submit-spin.svg\" class=\"wpforms-submit-spinner\" style=\"display: none;\" width=\"26\" height=\"26\" alt=\"Chargement en cours\"><\/div><\/form><\/div>  <!-- .wpforms-container --><\/p>\t\t\t\t\t\t\t\t<\/div>\n\t\t\t\t<\/div>\n\t\t\t\t<\/div>\n\t\t<div class=\"elementor-element elementor-element-1f8ea15 e-con-full e-flex e-con e-child\" data-id=\"1f8ea15\" data-element_type=\"container\" data-e-type=\"container\">\n\t\t\t\t<\/div>\n\t\t\t\t\t<\/div>\n\t\t\t\t<\/div>\n\t\t\t\t<\/div>\n\t\t","protected":false},"excerpt":{"rendered":"<p>Oups !!!Il y a un probl\u00e8me d&rsquo;acc\u00e8s \u00e0 la page demand\u00e9e !=&gt; Etes-vous bien connect\u00e9 en tant que membre du CRPC ?=&gt; Avez-vous les bonnes autorisations d&rsquo;acc\u00e8s ?Vous pouvez laisser une remarque avant de cliquer sur le bouton de retour \u00e0 l&rsquo;accueil.<style id=\"wpforms-css-vars-21258\">\n\t\t\t\t#wpforms-21258 {\n\t\t\t\t--wpforms-field-size-input-height: 43px;\n--wpforms-field-size-input-spacing: 15px;\n--wpforms-field-size-font-size: 16px;\n--wpforms-field-size-line-height: 19px;\n--wpforms-field-size-padding-h: 14px;\n--wpforms-field-size-checkbox-size: 16px;\n--wpforms-field-size-sublabel-spacing: 5px;\n--wpforms-field-size-icon-size: 1;\n--wpforms-label-size-font-size: 16px;\n--wpforms-label-size-line-height: 19px;\n--wpforms-label-size-sublabel-font-size: 14px;\n--wpforms-label-size-sublabel-line-height: 17px;\n--wpforms-button-size-font-size: 17px;\n--wpforms-button-size-height: 41px;\n--wpforms-button-size-padding-h: 15px;\n--wpforms-button-size-margin-top: 10px;\n--wpforms-container-shadow-size-box-shadow: none;\n\t\t\t}\n\t\t\t<\/style><div class=\"wpforms-container wpforms-container-full wpforms-render-modern\" id=\"wpforms-21258\"><form id=\"wpforms-form-21258\" class=\"wpforms-validate wpforms-form wpforms-ajax-form\" data-formid=\"21258\" method=\"post\" enctype=\"multipart\/form-data\" action=\"\/activites\/wp-json\/wp\/v2\/pages\/21267\" data-token=\"0943b10085adcdf75fbd8eb8796fdde8\" data-token-time=\"1777626973\"><noscript class=\"wpforms-error-noscript\">Veuillez activer JavaScript dans votre navigateur pour remplir ce formulaire.<\/noscript><div id=\"wpforms-error-noscript\" style=\"display: none;\">Veuillez activer JavaScript dans votre navigateur pour remplir ce formulaire.<\/div><div class=\"wpforms-field-container\"><div id=\"wpforms-21258-field_1-container\" class=\"wpforms-field wpforms-field-hidden\" data-field-id=\"1\"><input type=\"hidden\" id=\"wpforms-21258-field_1\" name=\"wpforms[fields][1]\"><\/div><div id=\"wpforms-21258-field_2-container\" class=\"wpforms-field wpforms-field-hidden\" data-field-id=\"2\"><input type=\"hidden\" id=\"wpforms-21258-field_2\" name=\"wpforms[fields][2]\" value=\"216.73.217.16\"><\/div><div id=\"wpforms-21258-field_8-container\" class=\"wpforms-field wpforms-field-hidden\" data-field-id=\"8\"><input type=\"hidden\" id=\"wpforms-21258-field_8\" name=\"wpforms[fields][8]\"><\/div><div id=\"wpforms-21258-field_10-container\" class=\"wpforms-field wpforms-field-hidden\" data-field-id=\"10\"><input type=\"hidden\" id=\"wpforms-21258-field_10\" name=\"wpforms[fields][10]\"><\/div><div id=\"wpforms-21258-field_11-container\" class=\"wpforms-field wpforms-field-hidden\" data-field-id=\"11\"><input type=\"hidden\" id=\"wpforms-21258-field_11\" name=\"wpforms[fields][11]\" value=\"https:\/\/crpc-asbl.be\/activites\/wp-json\/wp\/v2\/pages\/21267\"><\/div><div id=\"wpforms-21258-field_9-container\" class=\"wpforms-field wpforms-field-hidden\" data-field-id=\"9\"><input type=\"hidden\" id=\"wpforms-21258-field_9\" name=\"wpforms[fields][9]\"><\/div>\t\t<div id=\"wpforms-21258-field_3-container\"\n\t\t\tclass=\"wpforms-field wpforms-field-text\"\n\t\t\tdata-field-type=\"text\"\n\t\t\tdata-field-id=\"3\"\n\t\t\t>\n\t\t\t<label class=\"wpforms-field-label\" for=\"wpforms-21258-field_3\" >de ? Date<\/label>\n\t\t\t<input type=\"text\" id=\"wpforms-21258-field_3\" class=\"wpforms-field-medium\" name=\"wpforms[fields][3]\" >\n\t\t<\/div>\n\t\t<div id=\"wpforms-21258-field_5-container\" class=\"wpforms-field wpforms-field-textarea\" data-field-id=\"5\"><label class=\"wpforms-field-label\" for=\"wpforms-21258-field_5\">Une remarque ?<\/label><textarea id=\"wpforms-21258-field_5\" class=\"wpforms-field-medium\" name=\"wpforms[fields][5]\" aria-errormessage=\"wpforms-21258-field_5-error\" ><\/textarea><\/div><script>\n\t\t\t\t( function() {\n\t\t\t\t\tconst style = document.createElement( 'style' );\n\t\t\t\t\tstyle.appendChild( document.createTextNode( '#wpforms-21258-field_3-container { position: absolute !important; overflow: hidden !important; display: inline !important; height: 1px !important; width: 1px !important; z-index: -1000 !important; padding: 0 !important; } #wpforms-21258-field_3-container input { visibility: hidden; } #wpforms-conversational-form-page #wpforms-21258-field_3-container label { counter-increment: none; }' ) );\n\t\t\t\t\tdocument.head.appendChild( style );\n\t\t\t\t\tdocument.currentScript?.remove();\n\t\t\t\t} )();\n\t\t\t<\/script><\/div><!-- .wpforms-field-container --><div class=\"wpforms-submit-container\" ><input type=\"hidden\" name=\"wpforms[id]\" value=\"21258\"><input type=\"hidden\" name=\"page_title\" value=\"\"><input type=\"hidden\" name=\"page_url\" value=\"https:\/\/crpc-asbl.be\/activites\/wp-json\/wp\/v2\/pages\/21267\"><input type=\"hidden\" name=\"url_referer\" value=\"\"><button type=\"submit\" name=\"wpforms[submit]\" id=\"wpforms-submit-21258\" class=\"wpforms-submit\" data-alt-text=\"Envoi...\" data-submit-text=\"Cliquez ici pour revenir \u00e0 l&#039;accueil ...\" aria-live=\"assertive\" value=\"wpforms-submit\">Cliquez ici pour revenir \u00e0 l&#039;accueil ...<\/button><img decoding=\"async\" src=\"https:\/\/crpc-asbl.be\/activites\/wp-content\/plugins\/wpforms\/assets\/images\/submit-spin.svg\" class=\"wpforms-submit-spinner\" style=\"display: none;\" width=\"26\" height=\"26\" alt=\"Chargement en cours\"><\/div><\/form><\/div>  <!-- .wpforms-container --><\/p>\n","protected":false},"author":1,"featured_media":0,"parent":0,"menu_order":0,"comment_status":"closed","ping_status":"closed","template":"elementor_header_footer","meta":{"_et_pb_use_builder":"on","_et_pb_old_content":"","_et_gb_content_width":"","_eb_attr":"","footnotes":""},"class_list":["post-21267","page","type-page","status-publish","hentry"],"_links":{"self":[{"href":"https:\/\/crpc-asbl.be\/activites\/wp-json\/wp\/v2\/pages\/21267","targetHints":{"allow":["GET"]}}],"collection":[{"href":"https:\/\/crpc-asbl.be\/activites\/wp-json\/wp\/v2\/pages"}],"about":[{"href":"https:\/\/crpc-asbl.be\/activites\/wp-json\/wp\/v2\/types\/page"}],"author":[{"embeddable":true,"href":"https:\/\/crpc-asbl.be\/activites\/wp-json\/wp\/v2\/users\/1"}],"replies":[{"embeddable":true,"href":"https:\/\/crpc-asbl.be\/activites\/wp-json\/wp\/v2\/comments?post=21267"}],"version-history":[{"count":0,"href":"https:\/\/crpc-asbl.be\/activites\/wp-json\/wp\/v2\/pages\/21267\/revisions"}],"wp:attachment":[{"href":"https:\/\/crpc-asbl.be\/activites\/wp-json\/wp\/v2\/media?parent=21267"}],"curies":[{"name":"wp","href":"https:\/\/api.w.org\/{rel}","templated":true}]}}