{"id":21022,"date":"2025-03-08T22:45:19","date_gmt":"2025-03-08T21:45:19","guid":{"rendered":"https:\/\/crpc-asbl.be\/activites\/?page_id=21022"},"modified":"2026-02-04T17:12:43","modified_gmt":"2026-02-04T16:12:43","slug":"le-crpc-asbl-informations","status":"publish","type":"page","link":"https:\/\/crpc-asbl.be\/activites\/le-crpc-asbl-informations\/","title":{"rendered":"Le CRPC asbl &#8211; Informations"},"content":{"rendered":"\t\t<div data-elementor-type=\"wp-page\" data-elementor-id=\"21022\" class=\"elementor elementor-21022\">\n\t\t\t\t<div class=\"elementor-element elementor-element-ee339f5 e-flex e-con-boxed e-con e-parent\" data-id=\"ee339f5\" data-element_type=\"container\" data-e-type=\"container\">\n\t\t\t\t\t<div class=\"e-con-inner\">\n\t\t<div class=\"elementor-element elementor-element-9e61aeb e-con-full e-flex e-con e-child\" data-id=\"9e61aeb\" data-element_type=\"container\" data-e-type=\"container\">\n\t\t\t\t<div class=\"elementor-element elementor-element-70368f9 elementor-widget elementor-widget-heading\" data-id=\"70368f9\" data-element_type=\"widget\" data-e-type=\"widget\" data-widget_type=\"heading.default\">\n\t\t\t\t<div class=\"elementor-widget-container\">\n\t\t\t\t\t<h4 class=\"elementor-heading-title elementor-size-default\">Le CRPC asbl \u2013 Extrait de nos statuts :<\/h4>\t\t\t\t<\/div>\n\t\t\t\t<\/div>\n\t\t\t\t<div class=\"elementor-element elementor-element-e7ff87f elementor-widget elementor-widget-text-editor\" data-id=\"e7ff87f\" data-element_type=\"widget\" data-e-type=\"widget\" data-widget_type=\"text-editor.default\">\n\t\t\t\t<div class=\"elementor-widget-container\">\n\t\t\t\t\t\t\t\t\t<p>\u00a0\u00bb Le but social de l\u2019association est de promouvoir la pratique de la photographie sous toutes ses formes en \u00e9tant un lieu de rencontre et d\u2019\u00e9change convivial entre photographes et en donnant aux membres l\u2019occasion d\u2019accro\u00eetre leurs connaissances th\u00e9oriques et pratiques et de se perfectionner dans l\u2019art photographique. \u00ab\u00a0<\/p>\t\t\t\t\t\t\t\t<\/div>\n\t\t\t\t<\/div>\n\t\t\t\t<\/div>\n\t\t<div class=\"elementor-element elementor-element-bef564e e-con-full e-flex e-con e-child\" data-id=\"bef564e\" data-element_type=\"container\" data-e-type=\"container\">\n\t\t<div class=\"elementor-element elementor-element-8f1a313 e-grid e-con-full e-con e-child\" data-id=\"8f1a313\" data-element_type=\"container\" data-e-type=\"container\">\n\t\t\t\t<div class=\"elementor-element elementor-element-fab9e87 elementor-widget elementor-widget-image\" data-id=\"fab9e87\" data-element_type=\"widget\" data-e-type=\"widget\" data-widget_type=\"image.default\">\n\t\t\t\t<div class=\"elementor-widget-container\">\n\t\t\t\t\t\t\t\t\t\t\t\t<figure class=\"wp-caption\">\n\t\t\t\t\t\t\t\t\t\t\t<a href=\"https:\/\/crpc-asbl.be\/agora\/viewtopic.php?t=4\" target=\"_blank\">\n\t\t\t\t\t\t\t<img decoding=\"async\" width=\"150\" height=\"150\" src=\"https:\/\/crpc-asbl.be\/activites\/wp-content\/uploads\/2024\/03\/transparent-handout-icon-print-icon-road-map-icon-5fd3c435816667.12508880160771384553-1-150x150.png\" class=\"attachment-thumbnail size-thumbnail wp-image-15306\" alt=\"\" srcset=\"https:\/\/crpc-asbl.be\/activites\/wp-content\/uploads\/2024\/03\/transparent-handout-icon-print-icon-road-map-icon-5fd3c435816667.12508880160771384553-1-150x150.png 150w, https:\/\/crpc-asbl.be\/activites\/wp-content\/uploads\/2024\/03\/transparent-handout-icon-print-icon-road-map-icon-5fd3c435816667.12508880160771384553-1-300x300.png 300w, https:\/\/crpc-asbl.be\/activites\/wp-content\/uploads\/2024\/03\/transparent-handout-icon-print-icon-road-map-icon-5fd3c435816667.12508880160771384553-1-1024x1024.png 1024w, https:\/\/crpc-asbl.be\/activites\/wp-content\/uploads\/2024\/03\/transparent-handout-icon-print-icon-road-map-icon-5fd3c435816667.12508880160771384553-1-768x768.png 768w, https:\/\/crpc-asbl.be\/activites\/wp-content\/uploads\/2024\/03\/transparent-handout-icon-print-icon-road-map-icon-5fd3c435816667.12508880160771384553-1-1080x1080.png 1080w, https:\/\/crpc-asbl.be\/activites\/wp-content\/uploads\/2024\/03\/transparent-handout-icon-print-icon-road-map-icon-5fd3c435816667.12508880160771384553-1-440x440.png 440w, https:\/\/crpc-asbl.be\/activites\/wp-content\/uploads\/2024\/03\/transparent-handout-icon-print-icon-road-map-icon-5fd3c435816667.12508880160771384553-1.png 1238w\" sizes=\"(max-width: 150px) 100vw, 150px\" \/>\t\t\t\t\t\t\t\t<\/a>\n\t\t\t\t\t\t\t\t\t\t\t<figcaption class=\"widget-image-caption wp-caption-text\">INFORMATIONS ADMINISTRATIVES<\/figcaption>\n\t\t\t\t\t\t\t\t\t\t<\/figure>\n\t\t\t\t\t\t\t\t\t<\/div>\n\t\t\t\t<\/div>\n\t\t\t\t<div class=\"elementor-element elementor-element-3b4988e elementor-widget elementor-widget-image\" data-id=\"3b4988e\" data-element_type=\"widget\" data-e-type=\"widget\" data-widget_type=\"image.default\">\n\t\t\t\t<div class=\"elementor-widget-container\">\n\t\t\t\t\t\t\t\t\t\t\t\t<figure class=\"wp-caption\">\n\t\t\t\t\t\t\t\t\t\t\t<a href=\"https:\/\/crpc-asbl.be\/agora\/viewtopic.php?t=2\" target=\"_blank\">\n\t\t\t\t\t\t\t<img decoding=\"async\" width=\"150\" height=\"150\" src=\"https:\/\/crpc-asbl.be\/activites\/wp-content\/uploads\/2024\/03\/icon_Scroll-1-150x150.png\" class=\"attachment-thumbnail size-thumbnail wp-image-15131\" alt=\"\" srcset=\"https:\/\/crpc-asbl.be\/activites\/wp-content\/uploads\/2024\/03\/icon_Scroll-1-150x150.png 150w, https:\/\/crpc-asbl.be\/activites\/wp-content\/uploads\/2024\/03\/icon_Scroll-1.png 256w\" sizes=\"(max-width: 150px) 100vw, 150px\" \/>\t\t\t\t\t\t\t\t<\/a>\n\t\t\t\t\t\t\t\t\t\t\t<figcaption class=\"widget-image-caption wp-caption-text\">Les Statuts<\/figcaption>\n\t\t\t\t\t\t\t\t\t\t<\/figure>\n\t\t\t\t\t\t\t\t\t<\/div>\n\t\t\t\t<\/div>\n\t\t\t\t<div class=\"elementor-element elementor-element-d352bb1 elementor-widget elementor-widget-image\" data-id=\"d352bb1\" data-element_type=\"widget\" data-e-type=\"widget\" data-widget_type=\"image.default\">\n\t\t\t\t<div class=\"elementor-widget-container\">\n\t\t\t\t\t\t\t\t\t\t\t\t<figure class=\"wp-caption\">\n\t\t\t\t\t\t\t\t\t\t\t<a href=\"https:\/\/crpc-asbl.be\/agora\/viewtopic.php?t=59\" target=\"_blank\">\n\t\t\t\t\t\t\t<img fetchpriority=\"high\" fetchpriority=\"high\" decoding=\"async\" width=\"1024\" height=\"1024\" src=\"https:\/\/crpc-asbl.be\/activites\/wp-content\/uploads\/2024\/03\/transparent-teamwork-icon-mission-icon-team-icon-60020acdc2dc33.5982569316107465737982-1-1024x1024.png\" class=\"attachment-large size-large wp-image-15308\" alt=\"\" srcset=\"https:\/\/crpc-asbl.be\/activites\/wp-content\/uploads\/2024\/03\/transparent-teamwork-icon-mission-icon-team-icon-60020acdc2dc33.5982569316107465737982-1-1024x1024.png 1024w, https:\/\/crpc-asbl.be\/activites\/wp-content\/uploads\/2024\/03\/transparent-teamwork-icon-mission-icon-team-icon-60020acdc2dc33.5982569316107465737982-1-300x300.png 300w, https:\/\/crpc-asbl.be\/activites\/wp-content\/uploads\/2024\/03\/transparent-teamwork-icon-mission-icon-team-icon-60020acdc2dc33.5982569316107465737982-1-150x150.png 150w, https:\/\/crpc-asbl.be\/activites\/wp-content\/uploads\/2024\/03\/transparent-teamwork-icon-mission-icon-team-icon-60020acdc2dc33.5982569316107465737982-1-768x768.png 768w, https:\/\/crpc-asbl.be\/activites\/wp-content\/uploads\/2024\/03\/transparent-teamwork-icon-mission-icon-team-icon-60020acdc2dc33.5982569316107465737982-1-1080x1080.png 1080w, https:\/\/crpc-asbl.be\/activites\/wp-content\/uploads\/2024\/03\/transparent-teamwork-icon-mission-icon-team-icon-60020acdc2dc33.5982569316107465737982-1-440x440.png 440w, https:\/\/crpc-asbl.be\/activites\/wp-content\/uploads\/2024\/03\/transparent-teamwork-icon-mission-icon-team-icon-60020acdc2dc33.5982569316107465737982-1.png 1234w\" sizes=\"(max-width: 1024px) 100vw, 1024px\" \/>\t\t\t\t\t\t\t\t<\/a>\n\t\t\t\t\t\t\t\t\t\t\t<figcaption class=\"widget-image-caption wp-caption-text\">Le ROI<\/figcaption>\n\t\t\t\t\t\t\t\t\t\t<\/figure>\n\t\t\t\t\t\t\t\t\t<\/div>\n\t\t\t\t<\/div>\n\t\t\t\t<\/div>\n\t\t\t\t<\/div>\n\t\t\t\t\t<\/div>\n\t\t\t\t<\/div>\n\t\t<div class=\"elementor-element elementor-element-2f9d43c e-flex e-con-boxed e-con e-parent\" data-id=\"2f9d43c\" data-element_type=\"container\" data-e-type=\"container\">\n\t\t\t\t\t<div class=\"e-con-inner\">\n\t\t<div class=\"elementor-element elementor-element-e052d86 e-con-full e-flex e-con e-child\" data-id=\"e052d86\" data-element_type=\"container\" data-e-type=\"container\">\n\t\t\t\t<div class=\"elementor-element elementor-element-8c239fd elementor-widget elementor-widget-heading\" data-id=\"8c239fd\" data-element_type=\"widget\" data-e-type=\"widget\" data-widget_type=\"heading.default\">\n\t\t\t\t<div class=\"elementor-widget-container\">\n\t\t\t\t\t<h4 class=\"elementor-heading-title elementor-size-default\">R\u00e9unions - Informations g\u00e9n\u00e9rales :<\/h4>\t\t\t\t<\/div>\n\t\t\t\t<\/div>\n\t\t\t\t<div class=\"elementor-element elementor-element-5fc69ad elementor-widget elementor-widget-text-editor\" data-id=\"5fc69ad\" data-element_type=\"widget\" data-e-type=\"widget\" data-widget_type=\"text-editor.default\">\n\t\t\t\t<div class=\"elementor-widget-container\">\n\t\t\t\t\t\t\t\t\t<ul>\n<li>Sauf activit\u00e9s externes ou autres \u00e9v\u00e8nements, <br \/>nos r\u00e9unions se d\u00e9roulent g\u00e9n\u00e9ralement dans notre local<br \/>le mardi de 18h00 \u00e0 20h00.<\/li>\n<li>Les changements de lieux ou d\u2019organisation sont notifi\u00e9s dans notre agenda ou le planning &#8211; voir la page \u00ab\u00a0Activit\u00e9s\u00a0\u00bb<\/li>\n<li>Si vous souhaitez nous rendre visite, merci de vous annoncer par <a href=\"mailto:infos@crpc-asbl.be\"><b><u>mail<\/u><\/b><\/a> ou par le formulaire de <a href=\"https:\/\/crpc-asbl.be\/activites\/vers-le-bicentenaire\/nos-activites\/elementor-15579\/\" target=\"_blank\" rel=\"noopener\"><b><u>contact<\/u><\/b><\/a>.<\/li>\n<\/ul>\t\t\t\t\t\t\t\t<\/div>\n\t\t\t\t<\/div>\n\t\t\t\t<\/div>\n\t\t<div class=\"elementor-element elementor-element-2b1ebcc e-con-full e-flex e-con e-child\" data-id=\"2b1ebcc\" data-element_type=\"container\" data-e-type=\"container\">\n\t\t<div class=\"elementor-element elementor-element-fbe27e2 e-grid e-con-full e-con e-child\" data-id=\"fbe27e2\" data-element_type=\"container\" data-e-type=\"container\">\n\t\t\t\t<div class=\"elementor-element elementor-element-70f0f88 elementor-widget elementor-widget-image\" data-id=\"70f0f88\" data-element_type=\"widget\" data-e-type=\"widget\" data-widget_type=\"image.default\">\n\t\t\t\t<div class=\"elementor-widget-container\">\n\t\t\t\t\t\t\t\t\t\t\t\t<figure class=\"wp-caption\">\n\t\t\t\t\t\t\t\t\t\t\t<a href=\"https:\/\/crpc-asbl.be\/activites\/vers-le-bicentenaire\/nos-activites\/pour-acceder-au-site-de-parentville\/\" target=\"_blank\">\n\t\t\t\t\t\t\t<img loading=\"lazy\" loading=\"lazy\" decoding=\"async\" width=\"150\" height=\"150\" src=\"https:\/\/crpc-asbl.be\/activites\/wp-content\/uploads\/2024\/03\/kisspng-google-maps-location-google-map-maker-computer-ico-download-tracking-angle-system-systems-vehicle-lin-5d05da7d7b4f89.8249283115606647015051-150x150.png\" class=\"attachment-thumbnail size-thumbnail wp-image-15181\" alt=\"\" srcset=\"https:\/\/crpc-asbl.be\/activites\/wp-content\/uploads\/2024\/03\/kisspng-google-maps-location-google-map-maker-computer-ico-download-tracking-angle-system-systems-vehicle-lin-5d05da7d7b4f89.8249283115606647015051-150x150.png 150w, https:\/\/crpc-asbl.be\/activites\/wp-content\/uploads\/2024\/03\/kisspng-google-maps-location-google-map-maker-computer-ico-download-tracking-angle-system-systems-vehicle-lin-5d05da7d7b4f89.8249283115606647015051-300x300.png 300w, https:\/\/crpc-asbl.be\/activites\/wp-content\/uploads\/2024\/03\/kisspng-google-maps-location-google-map-maker-computer-ico-download-tracking-angle-system-systems-vehicle-lin-5d05da7d7b4f89.8249283115606647015051-440x440.png 440w, https:\/\/crpc-asbl.be\/activites\/wp-content\/uploads\/2024\/03\/kisspng-google-maps-location-google-map-maker-computer-ico-download-tracking-angle-system-systems-vehicle-lin-5d05da7d7b4f89.8249283115606647015051.png 512w\" sizes=\"(max-width: 150px) 100vw, 150px\" \/>\t\t\t\t\t\t\t\t<\/a>\n\t\t\t\t\t\t\t\t\t\t\t<figcaption class=\"widget-image-caption wp-caption-text\">ADRESSE DU LOCAL<\/figcaption>\n\t\t\t\t\t\t\t\t\t\t<\/figure>\n\t\t\t\t\t\t\t\t\t<\/div>\n\t\t\t\t<\/div>\n\t\t\t\t<div class=\"elementor-element elementor-element-80338e6 elementor-widget elementor-widget-image\" data-id=\"80338e6\" data-element_type=\"widget\" data-e-type=\"widget\" data-widget_type=\"image.default\">\n\t\t\t\t<div class=\"elementor-widget-container\">\n\t\t\t\t\t\t\t\t\t\t\t\t<figure class=\"wp-caption\">\n\t\t\t\t\t\t\t\t\t\t\t<a href=\"https:\/\/crpc-asbl.be\/activites\/vers-le-bicentenaire\/nos-activites\/\" target=\"_blank\">\n\t\t\t\t\t\t\t<img loading=\"lazy\" loading=\"lazy\" decoding=\"async\" width=\"150\" height=\"150\" src=\"https:\/\/crpc-asbl.be\/activites\/wp-content\/uploads\/2024\/03\/transparent-social-group-people-sharing-collaboration-communit-5d65bbc4630219.9816469815669482924055-1-150x150.png\" class=\"attachment-thumbnail size-thumbnail wp-image-15307\" alt=\"\" srcset=\"https:\/\/crpc-asbl.be\/activites\/wp-content\/uploads\/2024\/03\/transparent-social-group-people-sharing-collaboration-communit-5d65bbc4630219.9816469815669482924055-1-150x150.png 150w, https:\/\/crpc-asbl.be\/activites\/wp-content\/uploads\/2024\/03\/transparent-social-group-people-sharing-collaboration-communit-5d65bbc4630219.9816469815669482924055-1-440x440.png 440w\" sizes=\"(max-width: 150px) 100vw, 150px\" \/>\t\t\t\t\t\t\t\t<\/a>\n\t\t\t\t\t\t\t\t\t\t\t<figcaption class=\"widget-image-caption wp-caption-text\">Page des Activit\u00e9s<\/figcaption>\n\t\t\t\t\t\t\t\t\t\t<\/figure>\n\t\t\t\t\t\t\t\t\t<\/div>\n\t\t\t\t<\/div>\n\t\t\t\t<\/div>\n\t\t\t\t<\/div>\n\t\t\t\t\t<\/div>\n\t\t\t\t<\/div>\n\t\t<div class=\"elementor-element elementor-element-11b779b e-flex e-con-boxed e-con e-parent\" data-id=\"11b779b\" data-element_type=\"container\" data-e-type=\"container\">\n\t\t\t\t\t<div class=\"e-con-inner\">\n\t\t<div class=\"elementor-element elementor-element-7208b7c e-con-full e-flex e-con e-child\" data-id=\"7208b7c\" data-element_type=\"container\" data-e-type=\"container\">\n\t\t\t\t<div class=\"elementor-element elementor-element-c0eb07e elementor-widget elementor-widget-heading\" data-id=\"c0eb07e\" data-element_type=\"widget\" data-e-type=\"widget\" data-widget_type=\"heading.default\">\n\t\t\t\t<div class=\"elementor-widget-container\">\n\t\t\t\t\t<h4 class=\"elementor-heading-title elementor-size-default\">Devenir membre du Cercle :<\/h4>\t\t\t\t<\/div>\n\t\t\t\t<\/div>\n\t\t\t\t<div class=\"elementor-element elementor-element-e74fbc1 elementor-widget elementor-widget-text-editor\" data-id=\"e74fbc1\" data-element_type=\"widget\" data-e-type=\"widget\" data-widget_type=\"text-editor.default\">\n\t\t\t\t<div class=\"elementor-widget-container\">\n\t\t\t\t\t\t\t\t\t<ul>\n<li>La cotisation annuelle de 50,00 euros<br \/>sur le compte de l\u2019asbl BE09 3632 1611 7757<br \/>ou de 25,00 euros si inscription apr\u00e8s le 01 juillet de l\u2019ann\u00e9e en cours.<\/li>\n<li>La cotisation est due pour l\u2019ann\u00e9e en cours.\u00a0<\/li>\n<li>Ne pas oublier de nous adresser le formulaire d&rsquo;inscription ci-contre d\u00fbment rempli. Merci.<\/li>\n<\/ul>\t\t\t\t\t\t\t\t<\/div>\n\t\t\t\t<\/div>\n\t\t\t\t<\/div>\n\t\t<div class=\"elementor-element elementor-element-590bec8 e-con-full e-flex e-con e-child\" data-id=\"590bec8\" data-element_type=\"container\" data-e-type=\"container\">\n\t\t<div class=\"elementor-element elementor-element-62d03c2 e-grid e-con-full e-con e-child\" data-id=\"62d03c2\" data-element_type=\"container\" data-e-type=\"container\">\n\t\t\t\t<div class=\"elementor-element elementor-element-474b9bf elementor-widget elementor-widget-text-editor\" data-id=\"474b9bf\" data-element_type=\"widget\" data-e-type=\"widget\" data-widget_type=\"text-editor.default\">\n\t\t\t\t<div class=\"elementor-widget-container\">\n\t\t\t\t\t\t\t\t\t<p>Vous pouvez aussi assister \u00e0 1 ou 2 r\u00e9unions avant de vous inscrire.<br \/>Dans ce cas, merci de nous en \u00a0avertir par <a href=\"mailto:infos@crpc-asbl.be\"><b><u>mail<\/u><\/b><\/a> ou par le formulaire de <a href=\"https:\/\/crpc-asbl.be\/activites\/vers-le-bicentenaire\/nos-activites\/elementor-15579\/\" target=\"_blank\" rel=\"noopener\"><b><u>contact<\/u><\/b><\/a>.<\/p>\t\t\t\t\t\t\t\t<\/div>\n\t\t\t\t<\/div>\n\t\t\t\t<div class=\"elementor-element elementor-element-c0674c0 elementor-widget elementor-widget-image\" data-id=\"c0674c0\" data-element_type=\"widget\" data-e-type=\"widget\" data-widget_type=\"image.default\">\n\t\t\t\t<div class=\"elementor-widget-container\">\n\t\t\t\t\t\t\t\t\t\t\t\t<figure class=\"wp-caption\">\n\t\t\t\t\t\t\t\t\t\t\t<a href=\"https:\/\/crpc-asbl.be\/copie-crpc-activites\/\/vers-le-bicentenaire\/devenir-membre-crpc\/\" target=\"_blank\">\n\t\t\t\t\t\t\t<img loading=\"lazy\" loading=\"lazy\" decoding=\"async\" width=\"150\" height=\"150\" src=\"https:\/\/crpc-asbl.be\/activites\/wp-content\/uploads\/Formulaire-150x150.png\" class=\"attachment-thumbnail size-thumbnail wp-image-22490\" alt=\"\" srcset=\"https:\/\/crpc-asbl.be\/activites\/wp-content\/uploads\/Formulaire-150x150.png 150w, https:\/\/crpc-asbl.be\/activites\/wp-content\/uploads\/Formulaire-300x300.png 300w, https:\/\/crpc-asbl.be\/activites\/wp-content\/uploads\/Formulaire-1024x1024.png 1024w, https:\/\/crpc-asbl.be\/activites\/wp-content\/uploads\/Formulaire-768x768.png 768w, https:\/\/crpc-asbl.be\/activites\/wp-content\/uploads\/Formulaire-1536x1536.png 1536w, https:\/\/crpc-asbl.be\/activites\/wp-content\/uploads\/Formulaire-2048x2048.png 2048w, https:\/\/crpc-asbl.be\/activites\/wp-content\/uploads\/Formulaire-1080x1080.png 1080w, https:\/\/crpc-asbl.be\/activites\/wp-content\/uploads\/Formulaire-440x440.png 440w\" sizes=\"(max-width: 150px) 100vw, 150px\" \/>\t\t\t\t\t\t\t\t<\/a>\n\t\t\t\t\t\t\t\t\t\t\t<figcaption class=\"widget-image-caption wp-caption-text\">FORMULAIRE D'INSCRIPTION<\/figcaption>\n\t\t\t\t\t\t\t\t\t\t<\/figure>\n\t\t\t\t\t\t\t\t\t<\/div>\n\t\t\t\t<\/div>\n\t\t\t\t<\/div>\n\t\t\t\t<\/div>\n\t\t\t\t\t<\/div>\n\t\t\t\t<\/div>\n\t\t<div class=\"elementor-element elementor-element-17313ca e-flex e-con-boxed e-con e-parent\" data-id=\"17313ca\" data-element_type=\"container\" data-e-type=\"container\" data-settings=\"{&quot;background_background&quot;:&quot;classic&quot;}\">\n\t\t\t\t\t<div class=\"e-con-inner\">\n\t\t<div class=\"elementor-element elementor-element-e6be61e e-con-full e-flex e-con e-child\" data-id=\"e6be61e\" data-element_type=\"container\" data-e-type=\"container\">\n\t\t\t\t<div class=\"elementor-element elementor-element-46ee81d elementor-widget elementor-widget-heading\" data-id=\"46ee81d\" data-element_type=\"widget\" data-e-type=\"widget\" data-widget_type=\"heading.default\">\n\t\t\t\t<div class=\"elementor-widget-container\">\n\t\t\t\t\t<h4 class=\"elementor-heading-title elementor-size-default\"><a href=\"https:\/\/crpc-asbl.be\/activites\/histoire-du-cercle-de-1923-a-1945\/\" target=\"_blank\">D\u00e9couvrir l\u2019histoire du Cercle depuis sa fondation jusqu\u2019\u00e0 ce jour \u2026<\/a><\/h4>\t\t\t\t<\/div>\n\t\t\t\t<\/div>\n\t\t\t\t<\/div>\n\t\t<div class=\"elementor-element elementor-element-231bbcc e-con-full e-grid e-con e-child\" data-id=\"231bbcc\" data-element_type=\"container\" data-e-type=\"container\">\n\t\t\t\t<div class=\"elementor-element elementor-element-cd5fdea elementor-widget elementor-widget-image\" data-id=\"cd5fdea\" data-element_type=\"widget\" data-e-type=\"widget\" data-widget_type=\"image.default\">\n\t\t\t\t<div class=\"elementor-widget-container\">\n\t\t\t\t\t\t\t\t\t\t\t\t\t\t\t\t<a href=\"https:\/\/crpc-asbl.be\/activites\/histoire-du-cercle-de-1923-a-1945\/\" target=\"_blank\">\n\t\t\t\t\t\t\t<img loading=\"lazy\" loading=\"lazy\" decoding=\"async\" width=\"150\" height=\"150\" src=\"https:\/\/crpc-asbl.be\/activites\/wp-content\/uploads\/2024\/03\/logo-crpc-1-150x150.jpg\" class=\"attachment-thumbnail size-thumbnail wp-image-466\" alt=\"\" srcset=\"https:\/\/crpc-asbl.be\/activites\/wp-content\/uploads\/2024\/03\/logo-crpc-1-150x150.jpg 150w, https:\/\/crpc-asbl.be\/activites\/wp-content\/uploads\/2024\/03\/logo-crpc-1-300x300.jpg 300w, https:\/\/crpc-asbl.be\/activites\/wp-content\/uploads\/2024\/03\/logo-crpc-1.jpg 376w\" sizes=\"(max-width: 150px) 100vw, 150px\" \/>\t\t\t\t\t\t\t\t<\/a>\n\t\t\t\t\t\t\t\t\t\t\t\t\t\t\t<\/div>\n\t\t\t\t<\/div>\n\t\t\t\t<div class=\"elementor-element elementor-element-121ebb5 elementor-widget elementor-widget-image\" data-id=\"121ebb5\" data-element_type=\"widget\" data-e-type=\"widget\" data-widget_type=\"image.default\">\n\t\t\t\t<div class=\"elementor-widget-container\">\n\t\t\t\t\t\t\t\t\t\t\t\t\t\t\t\t<a href=\"https:\/\/crpc-asbl.be\/activites\/histoire-du-cercle-de-1923-a-1945\/\" target=\"_blank\">\n\t\t\t\t\t\t\t<img loading=\"lazy\" loading=\"lazy\" decoding=\"async\" width=\"1024\" height=\"585\" src=\"https:\/\/crpc-asbl.be\/activites\/wp-content\/uploads\/2024\/03\/Firefly-decouvrir-les-origines-de-la-photographies-avec-Daguerre-et-en-noir-et-blanc-99149-1024x585.jpg\" class=\"attachment-large size-large wp-image-190\" alt=\"\" srcset=\"https:\/\/crpc-asbl.be\/activites\/wp-content\/uploads\/2024\/03\/Firefly-decouvrir-les-origines-de-la-photographies-avec-Daguerre-et-en-noir-et-blanc-99149-1024x585.jpg 1024w, https:\/\/crpc-asbl.be\/activites\/wp-content\/uploads\/2024\/03\/Firefly-decouvrir-les-origines-de-la-photographies-avec-Daguerre-et-en-noir-et-blanc-99149-300x171.jpg 300w, https:\/\/crpc-asbl.be\/activites\/wp-content\/uploads\/2024\/03\/Firefly-decouvrir-les-origines-de-la-photographies-avec-Daguerre-et-en-noir-et-blanc-99149-768x439.jpg 768w, https:\/\/crpc-asbl.be\/activites\/wp-content\/uploads\/2024\/03\/Firefly-decouvrir-les-origines-de-la-photographies-avec-Daguerre-et-en-noir-et-blanc-99149-1536x878.jpg 1536w, https:\/\/crpc-asbl.be\/activites\/wp-content\/uploads\/2024\/03\/Firefly-decouvrir-les-origines-de-la-photographies-avec-Daguerre-et-en-noir-et-blanc-99149-1080x617.jpg 1080w, https:\/\/crpc-asbl.be\/activites\/wp-content\/uploads\/2024\/03\/Firefly-decouvrir-les-origines-de-la-photographies-avec-Daguerre-et-en-noir-et-blanc-99149.jpg 1920w\" sizes=\"(max-width: 1024px) 100vw, 1024px\" \/>\t\t\t\t\t\t\t\t<\/a>\n\t\t\t\t\t\t\t\t\t\t\t\t\t\t\t<\/div>\n\t\t\t\t<\/div>\n\t\t\t\t<div class=\"elementor-element elementor-element-7617f42 elementor-widget elementor-widget-image\" data-id=\"7617f42\" data-element_type=\"widget\" data-e-type=\"widget\" data-widget_type=\"image.default\">\n\t\t\t\t<div class=\"elementor-widget-container\">\n\t\t\t\t\t\t\t\t\t\t\t\t\t\t\t\t<a href=\"https:\/\/crpc-asbl.be\/activites\/histoire-du-cercle-de-1923-a-1945\/\" target=\"_blank\">\n\t\t\t\t\t\t\t<img loading=\"lazy\" loading=\"lazy\" decoding=\"async\" width=\"150\" height=\"150\" src=\"https:\/\/crpc-asbl.be\/activites\/wp-content\/uploads\/2024\/03\/LOGO_CRPC_2024_V0_INV_300-150x150.png\" class=\"attachment-thumbnail size-thumbnail wp-image-462\" alt=\"\" srcset=\"https:\/\/crpc-asbl.be\/activites\/wp-content\/uploads\/2024\/03\/LOGO_CRPC_2024_V0_INV_300-150x150.png 150w, https:\/\/crpc-asbl.be\/activites\/wp-content\/uploads\/2024\/03\/LOGO_CRPC_2024_V0_INV_300.png 300w\" sizes=\"(max-width: 150px) 100vw, 150px\" \/>\t\t\t\t\t\t\t\t<\/a>\n\t\t\t\t\t\t\t\t\t\t\t\t\t\t\t<\/div>\n\t\t\t\t<\/div>\n\t\t\t\t<\/div>\n\t\t\t\t\t<\/div>\n\t\t\t\t<\/div>\n\t\t\t\t<\/div>\n\t\t","protected":false},"excerpt":{"rendered":"<p>Le CRPC asbl \u2013 Extrait de nos statuts : \u00a0\u00bb Le but social de l\u2019association est de promouvoir la pratique de la photographie sous toutes ses formes en \u00e9tant un lieu de rencontre et d\u2019\u00e9change convivial entre photographes et en donnant aux membres l\u2019occasion d\u2019accro\u00eetre leurs connaissances th\u00e9oriques et pratiques et de se perfectionner dans [&hellip;]<\/p>\n","protected":false},"author":1,"featured_media":0,"parent":0,"menu_order":0,"comment_status":"closed","ping_status":"closed","template":"elementor_header_footer","meta":{"_et_pb_use_builder":"on","_et_pb_old_content":"","_et_gb_content_width":"","_eb_attr":"","footnotes":""},"class_list":["post-21022","page","type-page","status-publish","hentry"],"_links":{"self":[{"href":"https:\/\/crpc-asbl.be\/activites\/wp-json\/wp\/v2\/pages\/21022","targetHints":{"allow":["GET"]}}],"collection":[{"href":"https:\/\/crpc-asbl.be\/activites\/wp-json\/wp\/v2\/pages"}],"about":[{"href":"https:\/\/crpc-asbl.be\/activites\/wp-json\/wp\/v2\/types\/page"}],"author":[{"embeddable":true,"href":"https:\/\/crpc-asbl.be\/activites\/wp-json\/wp\/v2\/users\/1"}],"replies":[{"embeddable":true,"href":"https:\/\/crpc-asbl.be\/activites\/wp-json\/wp\/v2\/comments?post=21022"}],"version-history":[{"count":1,"href":"https:\/\/crpc-asbl.be\/activites\/wp-json\/wp\/v2\/pages\/21022\/revisions"}],"predecessor-version":[{"id":22507,"href":"https:\/\/crpc-asbl.be\/activites\/wp-json\/wp\/v2\/pages\/21022\/revisions\/22507"}],"wp:attachment":[{"href":"https:\/\/crpc-asbl.be\/activites\/wp-json\/wp\/v2\/media?parent=21022"}],"curies":[{"name":"wp","href":"https:\/\/api.w.org\/{rel}","templated":true}]}}