{"id":19278,"date":"2024-11-28T15:32:26","date_gmt":"2024-11-28T14:32:26","guid":{"rendered":"https:\/\/crpc-asbl.be\/activites\/?page_id=19278"},"modified":"2026-04-29T16:52:27","modified_gmt":"2026-04-29T14:52:27","slug":"les-projets","status":"publish","type":"page","link":"https:\/\/crpc-asbl.be\/activites\/questions\/activities\/les-projets\/","title":{"rendered":"Les projets"},"content":{"rendered":"\t\t<div data-elementor-type=\"wp-page\" data-elementor-id=\"19278\" class=\"elementor elementor-19278\">\n\t\t\t\t<div class=\"elementor-section\">\n\t\t\t\t\t<div class=\"e-con-inner\">\n\t\t<span class=\"wppb-frontend-restriction-message wppb-content-restriction-message\"><hr \/>\r\n<p style=\"text-align: center\"><strong><img decoding=\"async\" class=\"alignnone size-full wp-image-17193\" src=\"https:\/\/crpc-asbl.be\/activites\/wp-content\/uploads\/2024\/05\/locked.svg\" alt=\"\" width=\"57\" height=\"57\" \/><\/strong><\/p>\r\n<p style=\"text-align: center\"><strong>VOUS DEVEZ VOUS CONNECTER POUR AVOIR ACCES A CES INFORMATIONS<\/strong><\/p>\r\n<p style=\"text-align: center\">(Acc\u00e8s complet ou partiel en fonction des droits qui vous sont octroy\u00e9s)<strong>\r\n<\/strong><\/p>\r\n\r\n<blockquote>\r\n<p style=\"text-align: center\"><div id=\"wppb-login-wrap\" class=\"wppb-user-forms\">\n\t\t<form name=\"wppb-loginform\" id=\"wppb-loginform\" class=\"\" action=\"https:\/\/crpc-asbl.be\/activites\/wp-json\/wp\/v2\/pages\/19278\" method=\"post\">\n\t\t\t\n\t\t\t<p class=\"wppb-form-field login-username\">\n\t\t\t\t<label for=\"wppb_user_login\">Username or Email<\/label>\n\t\t\t\t<input type=\"text\" name=\"log\" id=\"wppb_user_login\" class=\"input\" value=\"\" size=\"20\" \/>\n\t\t\t<\/p>\n\t\t\t<p class=\"wppb-form-field login-password\">\n\t\t\t\t<label for=\"wppb_user_pass\">Password<\/label>\n\t\t\t\t<span class=\"wppb-password-field-container\">\n\t\t\t\t    <input type=\"password\" name=\"pwd\" id=\"wppb_user_pass\" class=\"input\" value=\"\" size=\"20\" \/>\n\t\t\t\t     <!-- add the HTML for the visibility toggle -->\n\t\t\t\t<\/span>\n            <\/p>\n\t\t\t\n\t\t\t\n\t\t\t<p class=\"wppb-form-field login-remember\"><input name=\"rememberme\" type=\"checkbox\" id=\"rememberme\" value=\"forever\" \/><label for=\"rememberme\">Remember Me<\/label><\/p>\n\t\t\t<p class=\"login-submit form-submit\">\n\t\t\t\t<input type=\"submit\" name=\"wp-submit\" id=\"wppb-submit\" class=\"button button-primary\" value=\"Log In\"\" \/>\n\t\t\t\t<input type=\"hidden\" name=\"redirect_to\" value=\"https:\/\/crpc-asbl.be\/activites\/wp-json\/wp\/v2\/pages\/19278\" \/>\n\t\t\t<\/p>\n\t\t\t<input type=\"hidden\" name=\"wppb_login\" value=\"true\"\/>\n\t\t\t<input type=\"hidden\" name=\"wppb_form_location\" value=\"widget\"\/>\n\t\t\t<input type=\"hidden\" name=\"wppb_request_url\" value=\"https:\/\/crpc-asbl.be\/activites\/wp-json\/wp\/v2\/pages\/19278\"\/>\n\t\t\t<input type=\"hidden\" name=\"wppb_lostpassword_url\" value=\"\"\/>\n\t\t\t<input type=\"hidden\" name=\"wppb_redirect_priority\" value=\"\"\/>\n\t\t\t<input type=\"hidden\" name=\"wppb_referer_url\" value=\"\"\/>\n\t\t\t<input type=\"hidden\" id=\"CSRFToken-wppb\" name=\"CSRFToken-wppb\" value=\"82c2506cf5\" \/><input type=\"hidden\" name=\"_wp_http_referer\" value=\"\/activites\/wp-json\/wp\/v2\/pages\/19278\" \/>\n\t\t\t<input type=\"hidden\" name=\"wppb_redirect_check\" value=\"true\"\/>\n\t\t\t\n\t\t<\/form><\/div><\/p>\r\n<p style=\"text-align: left\"><a href=\"https:\/\/crpc-asbl.be\/activites\/wp-login.php?action=lostpassword\">Mot de passe oubli\u00e9 ?<\/a><\/p>\r\n<\/blockquote>\r\n\r\n<hr \/>\r\n\r\n&nbsp;<\/span>\t\t\t<\/div>\n\t\t\t\t<\/div>\n\t\t\t\t<\/div>\n\t\t","protected":false},"excerpt":{"rendered":"<p>Retour activit\u00e9s Projet THUIN Listing balades Infos 21\/04\/2026 Forum Thuin Hamburger Toggle Menu Nous vous proposons de d\u00e9couvrir ou red\u00e9couvrir l&rsquo;entit\u00e9 de la Ville de Thuin et les communes de l&rsquo;entit\u00e9.Prenez le temps de la visiter de haut en bas et de long en large et rapportez nous de belles photographies. Individuellement ou \u00e0 plusieurs. [&hellip;]<\/p>\n","protected":false},"author":1,"featured_media":0,"parent":19445,"menu_order":0,"comment_status":"open","ping_status":"open","template":"elementor_header_footer","meta":{"_et_pb_use_builder":"","_et_pb_old_content":"","_et_gb_content_width":"","_eb_attr":"","footnotes":""},"class_list":["post-19278","page","type-page","status-publish","hentry"],"_links":{"self":[{"href":"https:\/\/crpc-asbl.be\/activites\/wp-json\/wp\/v2\/pages\/19278","targetHints":{"allow":["GET"]}}],"collection":[{"href":"https:\/\/crpc-asbl.be\/activites\/wp-json\/wp\/v2\/pages"}],"about":[{"href":"https:\/\/crpc-asbl.be\/activites\/wp-json\/wp\/v2\/types\/page"}],"author":[{"embeddable":true,"href":"https:\/\/crpc-asbl.be\/activites\/wp-json\/wp\/v2\/users\/1"}],"replies":[{"embeddable":true,"href":"https:\/\/crpc-asbl.be\/activites\/wp-json\/wp\/v2\/comments?post=19278"}],"version-history":[{"count":1,"href":"https:\/\/crpc-asbl.be\/activites\/wp-json\/wp\/v2\/pages\/19278\/revisions"}],"predecessor-version":[{"id":22748,"href":"https:\/\/crpc-asbl.be\/activites\/wp-json\/wp\/v2\/pages\/19278\/revisions\/22748"}],"up":[{"embeddable":true,"href":"https:\/\/crpc-asbl.be\/activites\/wp-json\/wp\/v2\/pages\/19445"}],"wp:attachment":[{"href":"https:\/\/crpc-asbl.be\/activites\/wp-json\/wp\/v2\/media?parent=19278"}],"curies":[{"name":"wp","href":"https:\/\/api.w.org\/{rel}","templated":true}]}}