{"id":15512,"date":"2024-03-23T16:46:32","date_gmt":"2024-03-23T15:46:32","guid":{"rendered":"https:\/\/crpc-asbl.be\/activites\/?page_id=15512"},"modified":"2024-11-23T21:37:44","modified_gmt":"2024-11-23T20:37:44","slug":"pour-acceder-au-site-de-parentville","status":"publish","type":"page","link":"https:\/\/crpc-asbl.be\/activites\/vers-le-bicentenaire\/nos-activites\/pour-acceder-au-site-de-parentville\/","title":{"rendered":"Pour acc\u00e9der au site de Parentville"},"content":{"rendered":"\t\t<div data-elementor-type=\"wp-page\" data-elementor-id=\"15512\" class=\"elementor elementor-15512\">\n\t\t\t\t<div class=\"elementor-element elementor-element-1ec9cfb4 e-flex e-con-boxed e-con e-parent\" data-id=\"1ec9cfb4\" data-element_type=\"container\" data-e-type=\"container\">\n\t\t\t\t\t<div class=\"e-con-inner\">\n\t\t\t\t<div class=\"elementor-element elementor-element-7311e461 elementor-widget elementor-widget-text-editor\" data-id=\"7311e461\" data-element_type=\"widget\" data-e-type=\"widget\" data-widget_type=\"text-editor.default\">\n\t\t\t\t<div class=\"elementor-widget-container\">\n\t\t\t\t\t\t\t\t\t\t\t\t\t\t\t\t\t<\/div>\n\t\t\t\t<\/div>\n\t\t\t\t\t<\/div>\n\t\t\t\t<\/div>\n\t\t\t\t<section class=\"elementor-section elementor-top-section elementor-element elementor-element-20d520e elementor-section-boxed elementor-section-height-default elementor-section-height-default\" data-id=\"20d520e\" data-element_type=\"section\" data-e-type=\"section\">\n\t\t\t\t\t\t<div class=\"elementor-container elementor-column-gap-default\">\n\t\t\t\t\t<div class=\"elementor-column elementor-col-100 elementor-top-column elementor-element elementor-element-49b45434\" data-id=\"49b45434\" data-element_type=\"column\" data-e-type=\"column\">\n\t\t\t<div class=\"elementor-widget-wrap elementor-element-populated\">\n\t\t\t\t\t\t<div class=\"elementor-element elementor-element-840ca26 elementor-widget elementor-widget-image\" data-id=\"840ca26\" data-element_type=\"widget\" data-e-type=\"widget\" data-widget_type=\"image.default\">\n\t\t\t\t<div class=\"elementor-widget-container\">\n\t\t\t\t\t\t\t\t\t\t\t\t\t\t\t<img fetchpriority=\"high\" fetchpriority=\"high\" decoding=\"async\" width=\"1024\" height=\"304\" src=\"https:\/\/crpc-asbl.be\/activites\/wp-content\/uploads\/2024\/03\/CCS_COUILLET-1-1024x304.png\" class=\"attachment-large size-large wp-image-15514\" alt=\"\" srcset=\"https:\/\/crpc-asbl.be\/activites\/wp-content\/uploads\/2024\/03\/CCS_COUILLET-1-1024x304.png 1024w, https:\/\/crpc-asbl.be\/activites\/wp-content\/uploads\/2024\/03\/CCS_COUILLET-1-300x89.png 300w, https:\/\/crpc-asbl.be\/activites\/wp-content\/uploads\/2024\/03\/CCS_COUILLET-1-768x228.png 768w, https:\/\/crpc-asbl.be\/activites\/wp-content\/uploads\/2024\/03\/CCS_COUILLET-1-1536x455.png 1536w, https:\/\/crpc-asbl.be\/activites\/wp-content\/uploads\/2024\/03\/CCS_COUILLET-1-1080x320.png 1080w, https:\/\/crpc-asbl.be\/activites\/wp-content\/uploads\/2024\/03\/CCS_COUILLET-1.png 1710w\" sizes=\"(max-width: 1024px) 100vw, 1024px\" \/>\t\t\t\t\t\t\t\t\t\t\t\t\t\t\t<\/div>\n\t\t\t\t<\/div>\n\t\t\t\t\t<\/div>\n\t\t<\/div>\n\t\t\t\t\t<\/div>\n\t\t<\/section>\n\t\t\t\t<section class=\"elementor-section elementor-top-section elementor-element elementor-element-346f8eff elementor-section-boxed elementor-section-height-default elementor-section-height-default\" data-id=\"346f8eff\" data-element_type=\"section\" data-e-type=\"section\">\n\t\t\t\t\t\t<div class=\"elementor-container elementor-column-gap-default\">\n\t\t\t\t\t<div class=\"elementor-column elementor-col-50 elementor-top-column elementor-element elementor-element-7593be39\" data-id=\"7593be39\" data-element_type=\"column\" data-e-type=\"column\">\n\t\t\t<div class=\"elementor-widget-wrap elementor-element-populated\">\n\t\t\t\t\t\t<div class=\"elementor-element elementor-element-6c0fdd20 elementor-widget elementor-widget-text-editor\" data-id=\"6c0fdd20\" data-element_type=\"widget\" data-e-type=\"widget\" data-widget_type=\"text-editor.default\">\n\t\t\t\t<div class=\"elementor-widget-container\">\n\t\t\t\t\t\t\t\t\t<pre><span style=\"font-size: 12pt; font-family: verdana, geneva, sans-serif;\"><strong>Adresse de nos r\u00e9unions\n<\/strong><a href=\"https:\/\/www2.ulb.ac.be\/ccs-nouveau\/\" target=\"_blank\" rel=\"noopener noreferrer\">Centre de Culture Scientifique de l\u2019ULB<\/a>\n\nCampus de Parentville\nRue de Villers, 227\n6010 CHARLEROI (COUILLET)\u00a0<br \/><span style=\"font-weight: bold; text-align: center;\">Plan d'acc\u00e8s ci-dessous <br \/>ou\u00a0<a href=\"https:\/\/goo.gl\/maps\/J7HugKwB7832\" target=\"_blank\" rel=\"noopener\">calcul d'itin\u00e9raire via Google Map ICI ...<\/a><\/span><br \/><\/span><span style=\"font-size: 12pt; font-family: verdana, geneva, sans-serif;\"><strong><br \/>Heures d\u2019ouverture\n<\/strong>En g\u00e9n\u00e9ral le mardi : de 18:00 \u00e0 20:00\nSauf cong\u00e9s et activit\u00e9s externes.\n<a href=\"https:\/\/crpc-asbl.be\/activites\/vers-le-bicentenaire\/nos-activites\/\" rel=\"noopener\">Consultez la page d'informations de nos activit\u00e9s.<\/a><br \/><\/span><\/pre>\n<pre><span style=\"font-size: 12pt; font-family: verdana, geneva, sans-serif;\"><strong>Si vous n'\u00eates pas membre\n<\/strong><a href=\"https:\/\/crpc-asbl.be\/activites\/vers-le-bicentenaire\/nos-activites\/elementor-15579\/\">merci d'annoncer votre pr\u00e9sence<\/a><br \/><a href=\"https:\/\/crpc-asbl.be\/activites\/vers-le-bicentenaire\/nos-activites\/elementor-15579\/\"><img decoding=\"async\" class=\"aligncenter wp-image-15416 size-full\" src=\"https:\/\/crpc-asbl.be\/activites\/wp-content\/uploads\/2024\/03\/mail_send.png\" alt=\"\" width=\"32\" height=\"32\" \/><\/a><br \/><\/span><\/pre>\t\t\t\t\t\t\t\t<\/div>\n\t\t\t\t<\/div>\n\t\t\t\t\t<\/div>\n\t\t<\/div>\n\t\t\t\t<div class=\"elementor-column elementor-col-50 elementor-top-column elementor-element elementor-element-11ad3de3\" data-id=\"11ad3de3\" data-element_type=\"column\" data-e-type=\"column\">\n\t\t\t<div class=\"elementor-widget-wrap elementor-element-populated\">\n\t\t\t\t\t\t<div class=\"elementor-element elementor-element-5a44b27e elementor-widget elementor-widget-heading\" data-id=\"5a44b27e\" data-element_type=\"widget\" data-e-type=\"widget\" data-widget_type=\"heading.default\">\n\t\t\t\t<div class=\"elementor-widget-container\">\n\t\t\t\t\t<h2 class=\"elementor-heading-title elementor-size-default\">Rue de Villers 227 \u00e0 COUILLET<\/h2>\t\t\t\t<\/div>\n\t\t\t\t<\/div>\n\t\t\t\t<div class=\"elementor-element elementor-element-60da1675 elementor-widget elementor-widget-google_maps\" data-id=\"60da1675\" data-element_type=\"widget\" data-e-type=\"widget\" data-widget_type=\"google_maps.default\">\n\t\t\t\t<div class=\"elementor-widget-container\">\n\t\t\t\t\t\t\t<div class=\"elementor-custom-embed\">\n\t\t\t<iframe loading=\"lazy\"\n\t\t\t\t\tsrc=\"https:\/\/maps.google.com\/maps?q=50.38742425538672%2C%204.480699242256018&#038;t=m&#038;z=16&#038;output=embed&#038;iwloc=near\"\n\t\t\t\t\ttitle=\"50.38742425538672, 4.480699242256018\"\n\t\t\t\t\taria-label=\"50.38742425538672, 4.480699242256018\"\n\t\t\t><\/iframe>\n\t\t<\/div>\n\t\t\t\t\t\t<\/div>\n\t\t\t\t<\/div>\n\t\t\t\t\t<\/div>\n\t\t<\/div>\n\t\t\t\t\t<\/div>\n\t\t<\/section>\n\t\t\t\t<section class=\"elementor-section elementor-top-section elementor-element elementor-element-386c0184 elementor-section-boxed elementor-section-height-default elementor-section-height-default\" data-id=\"386c0184\" data-element_type=\"section\" data-e-type=\"section\">\n\t\t\t\t\t\t<div class=\"elementor-container elementor-column-gap-default\">\n\t\t\t\t\t<div class=\"elementor-column elementor-col-50 elementor-top-column elementor-element elementor-element-4a188751\" data-id=\"4a188751\" data-element_type=\"column\" data-e-type=\"column\">\n\t\t\t<div class=\"elementor-widget-wrap elementor-element-populated\">\n\t\t\t\t\t\t<div class=\"elementor-element elementor-element-160426bb elementor-widget elementor-widget-image\" data-id=\"160426bb\" data-element_type=\"widget\" data-e-type=\"widget\" data-widget_type=\"image.default\">\n\t\t\t\t<div class=\"elementor-widget-container\">\n\t\t\t\t\t\t\t\t\t\t\t\t\t\t\t\t<a href=\"https:\/\/crpc-asbl.be\/activites\/wp-content\/uploads\/2024\/03\/VA_227_01.png\" data-elementor-open-lightbox=\"yes\" data-elementor-lightbox-title=\"VA_227_01.png\" data-e-action-hash=\"#elementor-action%3Aaction%3Dlightbox%26settings%3DeyJpZCI6IjMyNCIsInVybCI6Imh0dHBzOlwvXC9jcnBjLWFzYmwuYmVcL2FjdGl2aXRlc1wvd3AtY29udGVudFwvdXBsb2Fkc1wvMjAyNFwvMDNcL1ZBXzIyN18wMS5wbmcifQ%3D%3D\">\n\t\t\t\t\t\t\t<img decoding=\"async\" width=\"1024\" height=\"453\" src=\"https:\/\/crpc-asbl.be\/activites\/wp-content\/uploads\/2024\/03\/VA_227_01-1024x453.png\" class=\"elementor-animation-grow attachment-large size-large wp-image-324\" alt=\"\" srcset=\"https:\/\/crpc-asbl.be\/activites\/wp-content\/uploads\/2024\/03\/VA_227_01-1024x453.png 1024w, https:\/\/crpc-asbl.be\/activites\/wp-content\/uploads\/2024\/03\/VA_227_01-300x133.png 300w, https:\/\/crpc-asbl.be\/activites\/wp-content\/uploads\/2024\/03\/VA_227_01-768x340.png 768w, https:\/\/crpc-asbl.be\/activites\/wp-content\/uploads\/2024\/03\/VA_227_01-1536x680.png 1536w, https:\/\/crpc-asbl.be\/activites\/wp-content\/uploads\/2024\/03\/VA_227_01-2048x906.png 2048w, https:\/\/crpc-asbl.be\/activites\/wp-content\/uploads\/2024\/03\/VA_227_01-1080x478.png 1080w\" sizes=\"(max-width: 1024px) 100vw, 1024px\" \/>\t\t\t\t\t\t\t\t<\/a>\n\t\t\t\t\t\t\t\t\t\t\t\t\t\t\t<\/div>\n\t\t\t\t<\/div>\n\t\t\t\t\t<\/div>\n\t\t<\/div>\n\t\t\t\t<div class=\"elementor-column elementor-col-50 elementor-top-column elementor-element elementor-element-6717be50\" data-id=\"6717be50\" data-element_type=\"column\" data-e-type=\"column\">\n\t\t\t<div class=\"elementor-widget-wrap elementor-element-populated\">\n\t\t\t\t\t\t<div class=\"elementor-element elementor-element-2e22f84f elementor-widget elementor-widget-image\" data-id=\"2e22f84f\" data-element_type=\"widget\" data-e-type=\"widget\" data-widget_type=\"image.default\">\n\t\t\t\t<div class=\"elementor-widget-container\">\n\t\t\t\t\t\t\t\t\t\t\t\t\t\t\t\t<a href=\"https:\/\/crpc-asbl.be\/activites\/wp-content\/uploads\/2024\/03\/VA_227_02-1.png\" data-elementor-open-lightbox=\"yes\" data-elementor-lightbox-title=\"VA_227_02.png\" data-e-action-hash=\"#elementor-action%3Aaction%3Dlightbox%26settings%3DeyJpZCI6MTU1MTUsInVybCI6Imh0dHBzOlwvXC9jcnBjLWFzYmwuYmVcL2FjdGl2aXRlc1wvd3AtY29udGVudFwvdXBsb2Fkc1wvMjAyNFwvMDNcL1ZBXzIyN18wMi0xLnBuZyJ9\">\n\t\t\t\t\t\t\t<img loading=\"lazy\" loading=\"lazy\" decoding=\"async\" width=\"1024\" height=\"500\" src=\"https:\/\/crpc-asbl.be\/activites\/wp-content\/uploads\/2024\/03\/VA_227_02-1-1024x500.png\" class=\"elementor-animation-grow attachment-large size-large wp-image-15515\" alt=\"\" srcset=\"https:\/\/crpc-asbl.be\/activites\/wp-content\/uploads\/2024\/03\/VA_227_02-1-1024x500.png 1024w, https:\/\/crpc-asbl.be\/activites\/wp-content\/uploads\/2024\/03\/VA_227_02-1-300x146.png 300w, https:\/\/crpc-asbl.be\/activites\/wp-content\/uploads\/2024\/03\/VA_227_02-1-768x375.png 768w, https:\/\/crpc-asbl.be\/activites\/wp-content\/uploads\/2024\/03\/VA_227_02-1-1536x749.png 1536w, https:\/\/crpc-asbl.be\/activites\/wp-content\/uploads\/2024\/03\/VA_227_02-1-1080x527.png 1080w, https:\/\/crpc-asbl.be\/activites\/wp-content\/uploads\/2024\/03\/VA_227_02-1.png 1640w\" sizes=\"(max-width: 1024px) 100vw, 1024px\" \/>\t\t\t\t\t\t\t\t<\/a>\n\t\t\t\t\t\t\t\t\t\t\t\t\t\t\t<\/div>\n\t\t\t\t<\/div>\n\t\t\t\t\t<\/div>\n\t\t<\/div>\n\t\t\t\t\t<\/div>\n\t\t<\/section>\n\t\t\t\t<section class=\"elementor-section elementor-top-section elementor-element elementor-element-73d73b61 elementor-section-boxed elementor-section-height-default elementor-section-height-default\" data-id=\"73d73b61\" data-element_type=\"section\" data-e-type=\"section\">\n\t\t\t\t\t\t<div class=\"elementor-container elementor-column-gap-default\">\n\t\t\t\t\t<div class=\"elementor-column elementor-col-100 elementor-top-column elementor-element elementor-element-7d35adea\" data-id=\"7d35adea\" data-element_type=\"column\" data-e-type=\"column\" data-settings=\"{&quot;background_background&quot;:&quot;classic&quot;}\">\n\t\t\t<div class=\"elementor-widget-wrap elementor-element-populated\">\n\t\t\t\t\t\t<div class=\"elementor-element elementor-element-24e57bc9 elementor-widget elementor-widget-text-editor\" data-id=\"24e57bc9\" data-element_type=\"widget\" data-e-type=\"widget\" data-widget_type=\"text-editor.default\">\n\t\t\t\t<div class=\"elementor-widget-container\">\n\t\t\t\t\t\t\t\t\t<p><span style=\"font-weight: bold; text-align: center;\">Plan d&rsquo;acc\u00e8s ci-dessous ou\u00a0<a href=\"https:\/\/goo.gl\/maps\/J7HugKwB7832\" target=\"_blank\" rel=\"noopener\">calcul d&rsquo;itin\u00e9raire via Google Map ICI<\/a><\/span><\/p>\t\t\t\t\t\t\t\t<\/div>\n\t\t\t\t<\/div>\n\t\t\t\t<div class=\"elementor-element elementor-element-73e279bd elementor-widget elementor-widget-text-editor\" data-id=\"73e279bd\" data-element_type=\"widget\" data-e-type=\"widget\" data-widget_type=\"text-editor.default\">\n\t\t\t\t<div class=\"elementor-widget-container\">\n\t\t\t\t\t\t\t\t\t<p style=\"text-align: center;\"><img loading=\"lazy\" loading=\"lazy\" decoding=\"async\" class=\"alignnone size-medium wp-image-14898\" src=\"https:\/\/crpc-asbl.be\/activites\/wp-content\/uploads\/2024\/03\/planaccesCCS-296x300.jpg\" alt=\"\" width=\"296\" height=\"300\" srcset=\"https:\/\/crpc-asbl.be\/activites\/wp-content\/uploads\/2024\/03\/planaccesCCS-296x300.jpg 296w, https:\/\/crpc-asbl.be\/activites\/wp-content\/uploads\/2024\/03\/planaccesCCS.jpg 600w\" sizes=\"(max-width: 296px) 100vw, 296px\" \/><\/p>\t\t\t\t\t\t\t\t<\/div>\n\t\t\t\t<\/div>\n\t\t\t\t<section class=\"elementor-section elementor-inner-section elementor-element elementor-element-1cf498f2 elementor-section-boxed elementor-section-height-default elementor-section-height-default\" data-id=\"1cf498f2\" data-element_type=\"section\" data-e-type=\"section\">\n\t\t\t\t\t\t<div class=\"elementor-container elementor-column-gap-default\">\n\t\t\t\t\t<div class=\"elementor-column elementor-col-50 elementor-inner-column elementor-element elementor-element-2c84622c\" data-id=\"2c84622c\" data-element_type=\"column\" data-e-type=\"column\">\n\t\t\t<div class=\"elementor-widget-wrap elementor-element-populated\">\n\t\t\t\t\t\t<div class=\"elementor-element elementor-element-b18ddc7 elementor-widget elementor-widget-heading\" data-id=\"b18ddc7\" data-element_type=\"widget\" data-e-type=\"widget\" data-widget_type=\"heading.default\">\n\t\t\t\t<div class=\"elementor-widget-container\">\n\t\t\t\t\t<h3 class=\"elementor-heading-title elementor-size-default\">Coordonn\u00e9es GPS<\/h3>\t\t\t\t<\/div>\n\t\t\t\t<\/div>\n\t\t\t\t<div class=\"elementor-element elementor-element-48a09472 elementor-widget elementor-widget-text-editor\" data-id=\"48a09472\" data-element_type=\"widget\" data-e-type=\"widget\" data-widget_type=\"text-editor.default\">\n\t\t\t\t<div class=\"elementor-widget-container\">\n\t\t\t\t\t\t\t\t\t<p>50.3875N\/4.480556E<\/p>\t\t\t\t\t\t\t\t<\/div>\n\t\t\t\t<\/div>\n\t\t\t\t\t<\/div>\n\t\t<\/div>\n\t\t\t\t<div class=\"elementor-column elementor-col-50 elementor-inner-column elementor-element elementor-element-73d648ab\" data-id=\"73d648ab\" data-element_type=\"column\" data-e-type=\"column\">\n\t\t\t<div class=\"elementor-widget-wrap elementor-element-populated\">\n\t\t\t\t\t\t<div class=\"elementor-element elementor-element-566f5a30 elementor-widget elementor-widget-heading\" data-id=\"566f5a30\" data-element_type=\"widget\" data-e-type=\"widget\" data-widget_type=\"heading.default\">\n\t\t\t\t<div class=\"elementor-widget-container\">\n\t\t\t\t\t<h3 class=\"elementor-heading-title elementor-size-default\">Acc\u00e8s en bus<\/h3>\t\t\t\t<\/div>\n\t\t\t\t<\/div>\n\t\t\t\t<div class=\"elementor-element elementor-element-1f872bec elementor-widget elementor-widget-text-editor\" data-id=\"1f872bec\" data-element_type=\"widget\" data-e-type=\"widget\" data-widget_type=\"text-editor.default\">\n\t\t\t\t<div class=\"elementor-widget-container\">\n\t\t\t\t\t\t\t\t\t<p>Depuis la gare de Charleroi Sud<\/p><p>TEC ligne 20<\/p><p>direction IMTR, arr\u00eat Parentville ULB<\/p><p><a href=\"https:\/\/www.letec.be\/#\/Planning\/Details\/Stop\/COUILLET%20Parentville%20ULB\/Cciethi2\" target=\"_blank\" rel=\"noopener\">Voir les horaires &#8230;<\/a><\/p>\t\t\t\t\t\t\t\t<\/div>\n\t\t\t\t<\/div>\n\t\t\t\t\t<\/div>\n\t\t<\/div>\n\t\t\t\t\t<\/div>\n\t\t<\/section>\n\t\t\t\t\t<\/div>\n\t\t<\/div>\n\t\t\t\t\t<\/div>\n\t\t<\/section>\n\t\t\t\t<\/div>\n\t\t","protected":false},"excerpt":{"rendered":"<p>Adresse de nos r\u00e9unions Centre de Culture Scientifique de l\u2019ULB Campus de Parentville Rue de Villers, 227 6010 CHARLEROI (COUILLET)\u00a0Plan d&rsquo;acc\u00e8s ci-dessous ou\u00a0calcul d&rsquo;itin\u00e9raire via Google Map ICI &#8230;Heures d\u2019ouverture En g\u00e9n\u00e9ral le mardi : de 18:00 \u00e0 20:00 Sauf cong\u00e9s et activit\u00e9s externes. Consultez la page d&rsquo;informations de nos activit\u00e9s. Si vous n&rsquo;\u00eates pas [&hellip;]<\/p>\n","protected":false},"author":1,"featured_media":0,"parent":318,"menu_order":0,"comment_status":"closed","ping_status":"open","template":"elementor_header_footer","meta":{"_et_pb_use_builder":"","_et_pb_old_content":"","_et_gb_content_width":"","_eb_attr":"","footnotes":""},"class_list":["post-15512","page","type-page","status-publish","hentry"],"_links":{"self":[{"href":"https:\/\/crpc-asbl.be\/activites\/wp-json\/wp\/v2\/pages\/15512","targetHints":{"allow":["GET"]}}],"collection":[{"href":"https:\/\/crpc-asbl.be\/activites\/wp-json\/wp\/v2\/pages"}],"about":[{"href":"https:\/\/crpc-asbl.be\/activites\/wp-json\/wp\/v2\/types\/page"}],"author":[{"embeddable":true,"href":"https:\/\/crpc-asbl.be\/activites\/wp-json\/wp\/v2\/users\/1"}],"replies":[{"embeddable":true,"href":"https:\/\/crpc-asbl.be\/activites\/wp-json\/wp\/v2\/comments?post=15512"}],"version-history":[{"count":0,"href":"https:\/\/crpc-asbl.be\/activites\/wp-json\/wp\/v2\/pages\/15512\/revisions"}],"up":[{"embeddable":true,"href":"https:\/\/crpc-asbl.be\/activites\/wp-json\/wp\/v2\/pages\/318"}],"wp:attachment":[{"href":"https:\/\/crpc-asbl.be\/activites\/wp-json\/wp\/v2\/media?parent=15512"}],"curies":[{"name":"wp","href":"https:\/\/api.w.org\/{rel}","templated":true}]}}